{"id":10,"date":"2017-10-16T01:35:18","date_gmt":"2017-10-16T01:35:18","guid":{"rendered":"https:\/\/gpstartersites.com\/classic\/?page_id=10"},"modified":"2024-11-27T18:06:12","modified_gmt":"2024-11-27T17:06:12","slug":"contact-active-travelers","status":"publish","type":"page","link":"https:\/\/viajerosactivos.com\/en\/contacto-viajeros-activos\/","title":{"rendered":"Contact"},"content":{"rendered":"<p>Hello!<\/p>\n\n\n\n<p>If you have any questions about travel, leave a comment on any article and I will help you in any way I can, so that the answer will be useful to other travelers.<\/p>\n\n\n\n<p>For collaborations or any other matter, send me a detailed email with the proposal and we will talk.<\/p>\n\n\n<div class=\"wp-block-image\">\n<figure class=\"aligncenter size-medium\"><img loading=\"lazy\" decoding=\"async\" width=\"300\" height=\"52\" src=\"https:\/\/viajerosactivos.com\/wp-content\/uploads\/2023\/09\/CE-300x52.jpg\" alt=\"EC\" class=\"wp-image-19694\" srcset=\"https:\/\/viajerosactivos.com\/wp-content\/uploads\/2023\/09\/CE-300x52.jpg 300w, https:\/\/viajerosactivos.com\/wp-content\/uploads\/2023\/09\/CE.jpg 500w\" sizes=\"auto, (max-width: 300px) 100vw, 300px\" \/><\/figure>\n<\/div>\n\n\n<p><a href=\"https:\/\/www.facebook.com\/ViajerosActivos1\" target=\"_blank\" rel=\"noreferrer noopener\">Facebook<\/a> \u00b7 <a href=\"https:\/\/www.pinterest.es\/ViajerosActivos\/\" target=\"_blank\" rel=\"noreferrer noopener\">Pinterest<\/a> \u00b7 <a href=\"https:\/\/twitter.com\/ViajerosActivos\" target=\"_blank\" rel=\"noreferrer noopener\">Twitter<\/a> \u00b7 <a href=\"https:\/\/www.youtube.com\/channel\/UCMxfEXSeH3X8yG9wjWhnsRw\/playlists\" target=\"_blank\" rel=\"noreferrer noopener\">Youtube<\/a><\/p>\n\n\n\n<div style=\"height:10px\" aria-hidden=\"true\" class=\"wp-block-spacer\"><\/div>\n\n\n\n<div style=\"height:10px\" aria-hidden=\"true\" class=\"wp-block-spacer\"><\/div>","protected":false},"excerpt":{"rendered":"<p>Hello! If you want to ask me a question about travel, leave me a comment on any article and I will help you in any way I can, so that \u2026 <\/p>\n<p class=\"read-more-container\"><a title=\"Contact\" class=\"read-more button\" href=\"https:\/\/viajerosactivos.com\/en\/contacto-viajeros-activos\/#more-10\" aria-label=\"Read more about Contact\">Read more<\/a><\/p>","protected":false},"author":1,"featured_media":0,"parent":0,"menu_order":0,"comment_status":"closed","ping_status":"closed","template":"","meta":{"footnotes":""},"class_list":{"0":"post-10","1":"page","2":"type-page","3":"status-publish","5":"no-featured-image-padding"},"yoast_head":"<!-- This site is optimized with the Yoast SEO plugin v27.3 - https:\/\/yoast.com\/product\/yoast-seo-wordpress\/ -->\n<title>Contacto<\/title>\n<meta name=\"robots\" content=\"noindex, nofollow\" \/>\n<meta property=\"og:locale\" content=\"en_US\" \/>\n<meta property=\"og:type\" content=\"article\" \/>\n<meta property=\"og:title\" content=\"Contacto\" \/>\n<meta property=\"og:description\" content=\"\u00a1Hola! Si quieres hacerme una consulta sobre viajes, d\u00e9jame un comentario en alg\u00fan art\u00edculo y te ayudar\u00e9 en todo lo que pueda, as\u00ed la ... Leer m\u00e1s\" \/>\n<meta property=\"og:url\" content=\"https:\/\/viajerosactivos.com\/en\/contact-active-travelers\/\" \/>\n<meta property=\"og:site_name\" content=\"Viajeros Activos\" \/>\n<meta property=\"article:publisher\" content=\"https:\/\/www.facebook.com\/ViajerosActivos1\" \/>\n<meta property=\"article:modified_time\" content=\"2024-11-27T17:06:12+00:00\" \/>\n<meta property=\"og:image\" content=\"https:\/\/viajerosactivos.com\/wp-content\/uploads\/2023\/09\/CE-300x52.jpg\" \/>\n<meta name=\"twitter:card\" content=\"summary_large_image\" \/>\n<meta name=\"twitter:label1\" content=\"Est. reading time\" \/>\n\t<meta name=\"twitter:data1\" content=\"1 minute\" \/>\n<script type=\"application\/ld+json\" class=\"yoast-schema-graph\">{\"@context\":\"https:\\\/\\\/schema.org\",\"@graph\":[{\"@type\":\"WebPage\",\"@id\":\"https:\\\/\\\/viajerosactivos.com\\\/contacto-viajeros-activos\\\/\",\"url\":\"https:\\\/\\\/viajerosactivos.com\\\/contacto-viajeros-activos\\\/\",\"name\":\"Contacto\",\"isPartOf\":{\"@id\":\"https:\\\/\\\/viajerosactivos.com\\\/#website\"},\"primaryImageOfPage\":{\"@id\":\"https:\\\/\\\/viajerosactivos.com\\\/contacto-viajeros-activos\\\/#primaryimage\"},\"image\":{\"@id\":\"https:\\\/\\\/viajerosactivos.com\\\/contacto-viajeros-activos\\\/#primaryimage\"},\"thumbnailUrl\":\"https:\\\/\\\/viajerosactivos.com\\\/wp-content\\\/uploads\\\/2023\\\/09\\\/CE-300x52.jpg\",\"datePublished\":\"2017-10-16T01:35:18+00:00\",\"dateModified\":\"2024-11-27T17:06:12+00:00\",\"breadcrumb\":{\"@id\":\"https:\\\/\\\/viajerosactivos.com\\\/contacto-viajeros-activos\\\/#breadcrumb\"},\"inLanguage\":\"en-US\",\"potentialAction\":[{\"@type\":\"ReadAction\",\"target\":[\"https:\\\/\\\/viajerosactivos.com\\\/contacto-viajeros-activos\\\/\"]}]},{\"@type\":\"ImageObject\",\"inLanguage\":\"en-US\",\"@id\":\"https:\\\/\\\/viajerosactivos.com\\\/contacto-viajeros-activos\\\/#primaryimage\",\"url\":\"https:\\\/\\\/viajerosactivos.com\\\/wp-content\\\/uploads\\\/2023\\\/09\\\/CE-300x52.jpg\",\"contentUrl\":\"https:\\\/\\\/viajerosactivos.com\\\/wp-content\\\/uploads\\\/2023\\\/09\\\/CE-300x52.jpg\"},{\"@type\":\"BreadcrumbList\",\"@id\":\"https:\\\/\\\/viajerosactivos.com\\\/contacto-viajeros-activos\\\/#breadcrumb\",\"itemListElement\":[{\"@type\":\"ListItem\",\"position\":1,\"name\":\"Inicio\",\"item\":\"https:\\\/\\\/viajerosactivos.com\\\/\"},{\"@type\":\"ListItem\",\"position\":2,\"name\":\"Contacto\"}]},{\"@type\":\"WebSite\",\"@id\":\"https:\\\/\\\/viajerosactivos.com\\\/#website\",\"url\":\"https:\\\/\\\/viajerosactivos.com\\\/\",\"name\":\"Viajeros Activos\",\"description\":\"Blog de viajes para aventureros\",\"publisher\":{\"@id\":\"https:\\\/\\\/viajerosactivos.com\\\/#organization\"},\"potentialAction\":[{\"@type\":\"SearchAction\",\"target\":{\"@type\":\"EntryPoint\",\"urlTemplate\":\"https:\\\/\\\/viajerosactivos.com\\\/?s={search_term_string}\"},\"query-input\":{\"@type\":\"PropertyValueSpecification\",\"valueRequired\":true,\"valueName\":\"search_term_string\"}}],\"inLanguage\":\"en-US\"},{\"@type\":\"Organization\",\"@id\":\"https:\\\/\\\/viajerosactivos.com\\\/#organization\",\"name\":\"Viajeros Activos\",\"url\":\"https:\\\/\\\/viajerosactivos.com\\\/\",\"logo\":{\"@type\":\"ImageObject\",\"inLanguage\":\"en-US\",\"@id\":\"https:\\\/\\\/viajerosactivos.com\\\/#\\\/schema\\\/logo\\\/image\\\/\",\"url\":\"https:\\\/\\\/viajerosactivos.com\\\/wp-content\\\/uploads\\\/2022\\\/05\\\/cropped-logo-new-icono.png\",\"contentUrl\":\"https:\\\/\\\/viajerosactivos.com\\\/wp-content\\\/uploads\\\/2022\\\/05\\\/cropped-logo-new-icono.png\",\"width\":512,\"height\":512,\"caption\":\"Viajeros Activos\"},\"image\":{\"@id\":\"https:\\\/\\\/viajerosactivos.com\\\/#\\\/schema\\\/logo\\\/image\\\/\"},\"sameAs\":[\"https:\\\/\\\/www.facebook.com\\\/ViajerosActivos1\",\"https:\\\/\\\/www.pinterest.es\\\/ViajerosActivos\\\/\"]}]}<\/script>\n<!-- \/ Yoast SEO plugin. -->","yoast_head_json":{"title":"Contact","robots":{"index":"noindex","follow":"nofollow"},"og_locale":"en_US","og_type":"article","og_title":"Contacto","og_description":"\u00a1Hola! Si quieres hacerme una consulta sobre viajes, d\u00e9jame un comentario en alg\u00fan art\u00edculo y te ayudar\u00e9 en todo lo que pueda, as\u00ed la ... Leer m\u00e1s","og_url":"https:\/\/viajerosactivos.com\/en\/contact-active-travelers\/","og_site_name":"Viajeros Activos","article_publisher":"https:\/\/www.facebook.com\/ViajerosActivos1","article_modified_time":"2024-11-27T17:06:12+00:00","og_image":[{"url":"https:\/\/viajerosactivos.com\/wp-content\/uploads\/2023\/09\/CE-300x52.jpg","type":"","width":"","height":""}],"twitter_card":"summary_large_image","twitter_misc":{"Est. reading time":"1 minute"},"schema":{"@context":"https:\/\/schema.org","@graph":[{"@type":"WebPage","@id":"https:\/\/viajerosactivos.com\/contacto-viajeros-activos\/","url":"https:\/\/viajerosactivos.com\/contacto-viajeros-activos\/","name":"Contact","isPartOf":{"@id":"https:\/\/viajerosactivos.com\/#website"},"primaryImageOfPage":{"@id":"https:\/\/viajerosactivos.com\/contacto-viajeros-activos\/#primaryimage"},"image":{"@id":"https:\/\/viajerosactivos.com\/contacto-viajeros-activos\/#primaryimage"},"thumbnailUrl":"https:\/\/viajerosactivos.com\/wp-content\/uploads\/2023\/09\/CE-300x52.jpg","datePublished":"2017-10-16T01:35:18+00:00","dateModified":"2024-11-27T17:06:12+00:00","breadcrumb":{"@id":"https:\/\/viajerosactivos.com\/contacto-viajeros-activos\/#breadcrumb"},"inLanguage":"en-US","potentialAction":[{"@type":"ReadAction","target":["https:\/\/viajerosactivos.com\/contacto-viajeros-activos\/"]}]},{"@type":"ImageObject","inLanguage":"en-US","@id":"https:\/\/viajerosactivos.com\/contacto-viajeros-activos\/#primaryimage","url":"https:\/\/viajerosactivos.com\/wp-content\/uploads\/2023\/09\/CE-300x52.jpg","contentUrl":"https:\/\/viajerosactivos.com\/wp-content\/uploads\/2023\/09\/CE-300x52.jpg"},{"@type":"BreadcrumbList","@id":"https:\/\/viajerosactivos.com\/contacto-viajeros-activos\/#breadcrumb","itemListElement":[{"@type":"ListItem","position":1,"name":"Inicio","item":"https:\/\/viajerosactivos.com\/"},{"@type":"ListItem","position":2,"name":"Contacto"}]},{"@type":"WebSite","@id":"https:\/\/viajerosactivos.com\/#website","url":"https:\/\/viajerosactivos.com\/","name":"Viajeros Activos","description":"Travel blog for adventurers","publisher":{"@id":"https:\/\/viajerosactivos.com\/#organization"},"potentialAction":[{"@type":"SearchAction","target":{"@type":"EntryPoint","urlTemplate":"https:\/\/viajerosactivos.com\/?s={search_term_string}"},"query-input":{"@type":"PropertyValueSpecification","valueRequired":true,"valueName":"search_term_string"}}],"inLanguage":"en-US"},{"@type":"Organization","@id":"https:\/\/viajerosactivos.com\/#organization","name":"Viajeros Activos","url":"https:\/\/viajerosactivos.com\/","logo":{"@type":"ImageObject","inLanguage":"en-US","@id":"https:\/\/viajerosactivos.com\/#\/schema\/logo\/image\/","url":"https:\/\/viajerosactivos.com\/wp-content\/uploads\/2022\/05\/cropped-logo-new-icono.png","contentUrl":"https:\/\/viajerosactivos.com\/wp-content\/uploads\/2022\/05\/cropped-logo-new-icono.png","width":512,"height":512,"caption":"Viajeros Activos"},"image":{"@id":"https:\/\/viajerosactivos.com\/#\/schema\/logo\/image\/"},"sameAs":["https:\/\/www.facebook.com\/ViajerosActivos1","https:\/\/www.pinterest.es\/ViajerosActivos\/"]}]}},"_links":{"self":[{"href":"https:\/\/viajerosactivos.com\/en\/wp-json\/wp\/v2\/pages\/10","targetHints":{"allow":["GET"]}}],"collection":[{"href":"https:\/\/viajerosactivos.com\/en\/wp-json\/wp\/v2\/pages"}],"about":[{"href":"https:\/\/viajerosactivos.com\/en\/wp-json\/wp\/v2\/types\/page"}],"author":[{"embeddable":true,"href":"https:\/\/viajerosactivos.com\/en\/wp-json\/wp\/v2\/users\/1"}],"replies":[{"embeddable":true,"href":"https:\/\/viajerosactivos.com\/en\/wp-json\/wp\/v2\/comments?post=10"}],"version-history":[{"count":0,"href":"https:\/\/viajerosactivos.com\/en\/wp-json\/wp\/v2\/pages\/10\/revisions"}],"wp:attachment":[{"href":"https:\/\/viajerosactivos.com\/en\/wp-json\/wp\/v2\/media?parent=10"}],"curies":[{"name":"wp","href":"https:\/\/api.w.org\/{rel}","templated":true}]}}