{"id":28812,"date":"2024-12-16T10:52:53","date_gmt":"2024-12-16T09:52:53","guid":{"rendered":"https:\/\/viajerosactivos.com\/?page_id=28812"},"modified":"2026-05-11T07:19:50","modified_gmt":"2026-05-11T05:19:50","slug":"travel-discounts","status":"publish","type":"page","link":"https:\/\/viajerosactivos.com\/en\/descuentos-para-viajes\/","title":{"rendered":"Travel Discounts"},"content":{"rendered":"<p>If you\u2019re planning a trip, this guide with travel discounts and websites with great deals will come in very handy to save money and make organizing your trip a bit easier along the way.<\/p>\n\n\n\n<p>Here I\u2019ve gathered all the websites I use for my own travels, and yes, some of them offer discounts (because traveling is great, but overspending\u2026 not so much).<\/p>\n\n\n<div class=\"wp-block-image\">\n<figure class=\"aligncenter size-full\"><img loading=\"lazy\" decoding=\"async\" width=\"900\" height=\"600\" src=\"https:\/\/viajerosactivos.com\/wp-content\/uploads\/2024\/12\/mapamundi.webp\" alt=\"world map\" class=\"wp-image-28829\" srcset=\"https:\/\/viajerosactivos.com\/wp-content\/uploads\/2024\/12\/mapamundi.webp 900w, https:\/\/viajerosactivos.com\/wp-content\/uploads\/2024\/12\/mapamundi-300x200.webp 300w, https:\/\/viajerosactivos.com\/wp-content\/uploads\/2024\/12\/mapamundi-768x512.webp 768w, https:\/\/viajerosactivos.com\/wp-content\/uploads\/2024\/12\/mapamundi-18x12.webp 18w\" sizes=\"auto, (max-width: 900px) 100vw, 900px\" \/><\/figure>\n<\/div>\n\n\n<div style=\"height:10px\" aria-hidden=\"true\" class=\"wp-block-spacer\"><\/div>\n\n\n\n\n\n\n\n<div id=\"ez-toc-container\" class=\"ez-toc-v2_0_83 counter-hierarchy ez-toc-counter ez-toc-black ez-toc-container-direction\">\n<div class=\"ez-toc-title-container\">\n<p class=\"ez-toc-title\" style=\"cursor:inherit\">Table of Contents<\/p>\n<span class=\"ez-toc-title-toggle\"><a href=\"#\" class=\"ez-toc-pull-right ez-toc-btn ez-toc-btn-xs ez-toc-btn-default ez-toc-toggle\" aria-label=\"Toggle Table of Content\"><span class=\"ez-toc-js-icon-con\"><span class=\"\"><span class=\"eztoc-hide\" style=\"display:none;\">Toggle<\/span><span class=\"ez-toc-icon-toggle-span\"><svg style=\"fill: #999;color:#999\" xmlns=\"http:\/\/www.w3.org\/2000\/svg\" class=\"list-377408\" width=\"20px\" height=\"20px\" viewbox=\"0 0 24 24\" fill=\"none\"><path d=\"M6 6H4v2h2V6zm14 0H8v2h12V6zM4 11h2v2H4v-2zm16 0H8v2h12v-2zM4 16h2v2H4v-2zm16 0H8v2h12v-2z\" fill=\"currentColor\"><\/path><\/svg><svg style=\"fill: #999;color:#999\" class=\"arrow-unsorted-368013\" xmlns=\"http:\/\/www.w3.org\/2000\/svg\" width=\"10px\" height=\"10px\" viewbox=\"0 0 24 24\" version=\"1.2\" baseprofile=\"tiny\"><path d=\"M18.2 9.3l-6.2-6.3-6.2 6.3c-.2.2-.3.4-.3.7s.1.5.3.7c.2.2.4.3.7.3h11c.3 0 .5-.1.7-.3.2-.2.3-.5.3-.7s-.1-.5-.3-.7zM5.8 14.7l6.2 6.3 6.2-6.3c.2-.2.3-.5.3-.7s-.1-.5-.3-.7c-.2-.2-.4-.3-.7-.3h-11c-.3 0-.5.1-.7.3-.2.2-.3.5-.3.7s.1.5.3.7z\"\/><\/svg><\/span><\/span><\/span><\/a><\/span><\/div>\n<nav><ul class='ez-toc-list ez-toc-list-level-1' ><li class='ez-toc-page-1 ez-toc-heading-level-2'><a class=\"ez-toc-link ez-toc-heading-1\" href=\"https:\/\/viajerosactivos.com\/en\/descuentos-para-viajes\/#Descuentos_para_Viajes\" >Travel Discounts<\/a><ul class='ez-toc-list-level-3' ><li class='ez-toc-heading-level-3'><a class=\"ez-toc-link ez-toc-heading-2\" href=\"https:\/\/viajerosactivos.com\/en\/descuentos-para-viajes\/#Vuelos_ofertas\" >Flights: deals<\/a><\/li><li class='ez-toc-page-1 ez-toc-heading-level-3'><a class=\"ez-toc-link ez-toc-heading-3\" href=\"https:\/\/viajerosactivos.com\/en\/descuentos-para-viajes\/#Alojamiento_ofertas\" >Accommodation: Deals<\/a><\/li><li class='ez-toc-page-1 ez-toc-heading-level-3'><a class=\"ez-toc-link ez-toc-heading-4\" href=\"https:\/\/viajerosactivos.com\/en\/descuentos-para-viajes\/#Datos_moviles_eSIM_con_5_descuento\" >Datos m\u00f3viles: eSIM con 5% descuento<\/a><\/li><li class='ez-toc-page-1 ez-toc-heading-level-3'><a class=\"ez-toc-link ez-toc-heading-5\" href=\"https:\/\/viajerosactivos.com\/en\/descuentos-para-viajes\/#Seguro_de_Viaje_descuento_de_5_o_mas\" >Travel Insurance: 5% off or more<\/a><\/li><li class='ez-toc-page-1 ez-toc-heading-level-3'><a class=\"ez-toc-link ez-toc-heading-6\" href=\"https:\/\/viajerosactivos.com\/en\/descuentos-para-viajes\/#Free_Tour_Tours_Gratuitos_de_Civitatis\" >Civitatis Free Walking Tours<\/a><\/li><li class='ez-toc-page-1 ez-toc-heading-level-3'><a class=\"ez-toc-link ez-toc-heading-7\" href=\"https:\/\/viajerosactivos.com\/en\/descuentos-para-viajes\/#Alquiler_de_Coches_a_Precios_Locales_y_hasta_un_70_de_descuento\" >Car rentals at local prices (and up to 70% off)<\/a><\/li><\/ul><\/li><li class='ez-toc-page-1 ez-toc-heading-level-2'><a class=\"ez-toc-link ez-toc-heading-8\" href=\"https:\/\/viajerosactivos.com\/en\/descuentos-para-viajes\/#Pensamiento_Finales\" >Final Thoughts<\/a><\/li><\/ul><\/nav><\/div>\n<h2 class=\"wp-block-heading\"><span class=\"ez-toc-section\" id=\"Descuentos_para_Viajes\"><\/span>Travel Discounts<span class=\"ez-toc-section-end\"><\/span><\/h2>\n\n\n\n<h3 class=\"wp-block-heading\"><span class=\"ez-toc-section\" id=\"Vuelos_ofertas\"><\/span>Flights: deals<span class=\"ez-toc-section-end\"><\/span><\/h3>\n\n\n\n<p class=\"translation-block\">To find cheap flights, I always use <strong><a class=\"thirstylink\" rel=\"nofollow\" target=\"_blank\" title=\"Flight search engine\" href=\"https:\/\/viajerosactivos.com\/en\/recomendado\/buscador-de-vuelos-baratos-EN\/\" data-modified-href=\"https:\/\/viajerosactivos.com\/recomendado\/buscador-de-vuelos-baratos?trp-edit-translation=preview\">Skyscanner<\/a><\/strong>. It\u2019s very easy to use and lets you compare routes and prices to find the best option without going crazy jumping from one website to another.<\/p>\n\n\n\n<div style=\"height:10px\" aria-hidden=\"true\" class=\"wp-block-spacer\"><\/div>\n\n\n\n<h3 class=\"wp-block-heading\"><span class=\"ez-toc-section\" id=\"Alojamiento_ofertas\"><\/span>Accommodation: Deals<span class=\"ez-toc-section-end\"><\/span><\/h3>\n\n\n\n<p class=\"translation-block\">If you're planning your next trip and need to book a place to stay, I highly recommend Booking.com \u2014 the world's largest accommodation platform. Click this link to check out their <strong><a class=\"thirstylink\" rel=\"nofollow\" target=\"_blank\" title=\"alojamiento descuento\" href=\"https:\/\/viajerosactivos.com\/en\/recomendado\/alojamiento-descuento-EN\/\" data-modified-href=\"https:\/\/viajerosactivos.com\/recomendado\/alojamiento-descuento?trp-edit-translation=preview\">best deals<\/a><\/strong>. Don't miss it!<\/p>\n\n\n\n<div style=\"height:10px\" aria-hidden=\"true\" class=\"wp-block-spacer\"><\/div>\n\n\n\n<h3 class=\"wp-block-heading\"><span class=\"ez-toc-section\" id=\"Datos_moviles_eSIM_con_5_descuento\"><\/span>Datos m\u00f3viles: eSIM con 5% descuento<span class=\"ez-toc-section-end\"><\/span><\/h3>\n\n\n\n<p>One of the most important things when traveling is having a reliable internet connection at all times. It makes getting around easier and lets you communicate with locals even if you don\u2019t speak the language.<\/p>\n\n\n\n<p class=\"translation-block\">I always use Holafly. It works great all over the world, gives you unlimited data, and with <strong><a class=\"thirstylink\" rel=\"nofollow\" target=\"_blank\" title=\"Holafly DV eSim\" href=\"https:\/\/viajerosactivos.com\/en\/recomendado\/esim-holafly-dv\/\" data-modified-href=\"https:\/\/viajerosactivos.com\/recomendado\/esim-holafly-dv?trp-edit-translation=preview\">this link<\/a><\/strong> you get a 5% discount.<\/p>\n\n\n\n<p>They\u2019ve also recently added the option to share your data with other devices in some destinations, which is perfect if you\u2019re traveling with others.<\/p>\n\n\n\n<div style=\"height:10px\" aria-hidden=\"true\" class=\"wp-block-spacer\"><\/div>\n\n\n\n<h3 class=\"wp-block-heading\"><span class=\"ez-toc-section\" id=\"Seguro_de_Viaje_descuento_de_5_o_mas\"><\/span>Travel Insurance: 5% off or more<span class=\"ez-toc-section-end\"><\/span><\/h3>\n\n\n\n<p>Never forget to get good travel insurance when planning a trip. I always go with HeyMondo, an international provider specializing in travel insurance. They cover accidents, medical assistance, repatriation, theft, lost luggage\u2014basically, almost anything that could happen on a trip. <\/p>\n\n\n\n<p>Two great perks of this insurance are 24\/7 assistance and the fact that you don\u2019t have to pay out of pocket and then wait to get reimbursed. They handle it all directly.<\/p>\n\n\n\n<p class=\"translation-block\">With <strong><a class=\"thirstylink\" rel=\"nofollow\" target=\"_blank\" title=\"Travel Insurance\" href=\"https:\/\/viajerosactivos.com\/en\/recomendado\/seguro-de-viaje-dv-EN\/\">this link<\/a><\/strong>, you\u2019ll get a 5% discount, and sometimes they run special promotions offering up to 15% off. \ud83d\ude09<\/p>\n\n\n\n\n\n<\/p>\n\n\n<p>\n\n\n\n<h4 class=\"wp-block-heading\">\u25aa Affordable travel insurance<\/h4>\n\n\n\n<p class=\"translation-block\">If you want a simple travel insurance at a good price,<strong><a class=\"thirstylink\" rel=\"nofollow\" target=\"_blank\" title=\"CV travel insurance\" href=\"https:\/\/viajerosactivos.com\/en\/recomendado\/seguro-de-viaje-cv-EN\/\" data-modified-href=\"https:\/\/viajerosactivos.com\/recomendado\/seguro-de-viaje-cv?trp-edit-translation=preview\"> this is a solid option<\/a><\/strong>. It does the job well without blowing your budget.<\/p>\n\n\n\n<h4 class=\"wp-block-heading\">\u25aa Nomads and Long Journeys of Several Months<\/h4>\n\n\n\n<p class=\"translation-block\">If you\u2019re planning a longer trip, this <strong><a class=\"thirstylink\" rel=\"nofollow\" target=\"_blank\" title=\"Long-stay travel insurance\" href=\"https:\/\/viajerosactivos.com\/en\/recomendado\/seguro-viaje-larga-estancia-dv-EN\/\">long-stay insurance<\/a><\/strong> is the best option, and it also comes with a discount.<\/p>\n\n\n\n<div style=\"height:10px\" aria-hidden=\"true\" class=\"wp-block-spacer\"><\/div>\n\n\n\n<h3 class=\"wp-block-heading\"><span class=\"ez-toc-section\" id=\"Free_Tour_Tours_Gratuitos_de_Civitatis\"><\/span>Civitatis Free Walking Tours<span class=\"ez-toc-section-end\"><\/span><\/h3>\n\n\n\n<p>Another great way to save money while learning about a destination\u2019s history and fun facts is by joining free walking tours. <\/p>\n\n\n\n<p>If you\u2019re not familiar with the concept, let me clarify: while they\u2019re called \u201cfree,\u201d you\u2019re expected to pay what you feel is fair at the end of the tour. In my experience, these tours are always fun and engaging. <\/p>\n\n\n\n<p class=\"translation-block\">Check out all the free tours available on <strong><a class=\"thirstylink\" rel=\"nofollow\" target=\"_blank\" title=\"Free Tours\" href=\"https:\/\/viajerosactivos.com\/en\/recomendado\/free-tours-dv-EN\/\">this website<\/a><\/strong>.<\/p>\n\n\n\n<div style=\"height:10px\" aria-hidden=\"true\" class=\"wp-block-spacer\"><\/div>\n\n\n\n<h3 class=\"wp-block-heading\"><span class=\"ez-toc-section\" id=\"Alquiler_de_Coches_a_Precios_Locales_y_hasta_un_70_de_descuento\"><\/span>Car rentals at local prices (and up to 70% off)<span class=\"ez-toc-section-end\"><\/span><\/h3>\n\n\n\n<p>After years of traveling, I\u2019ve found that renting cars from local companies instead of big international ones is a great way to save money.<\/p>\n\n\n\n<p>The only problem with local car rental companies is figuring out which ones you can trust. To avoid any issue, I use a couple of websites that are great for finding reliable and affordable local options:<\/p>\n\n\n\n<ul class=\"wp-block-list\">\n<li class=\"translation-block\"><strong>In the Caucasus (Georgia, Armenia and Azerbaijan): <\/strong><strong><a class=\"thirstylink\" rel=\"nofollow\" target=\"_blank\" title=\"Rent a car Local Rent DV\" href=\"https:\/\/viajerosactivos.com\/en\/recomendado\/alquilar-coche-local-rent-dv-EN\/\">Local Rent<\/a><\/strong>, which has unbeatable prices.<\/li>\n\n\n\n<li class=\"translation-block\"><strong>In the rest of the world<\/strong>: <strong><a class=\"thirstylink\" rel=\"nofollow\" target=\"_blank\" title=\"Rent a car\" href=\"https:\/\/viajerosactivos.com\/en\/recomendado\/alquilar-coche\/\" data-modified-href=\"https:\/\/viajerosactivos.com\/recomendado\/alquilar-coche?trp-edit-translation=preview\">Discover Cars<\/a><\/strong>, which works with both local and international companies, and with that link you can find discounts of up to 70%.<\/li>\n<\/ul>\n\n\n\n<div style=\"height:10px\" aria-hidden=\"true\" class=\"wp-block-spacer\"><\/div>\n\n\n\n<h2 class=\"wp-block-heading\"><span class=\"ez-toc-section\" id=\"Pensamiento_Finales\"><\/span>Final Thoughts<span class=\"ez-toc-section-end\"><\/span><\/h2>\n\n\n\n<p>I hope these travel discounts help you save money on your next adventure!<\/p>\n\n\n\n<p class=\"translation-block\">If you have any questions, leave me a comment below and I'll help you as much as I can. If you found the article useful, <strong>share it with other travelers<\/strong>. Have a good trip! \ud83d\ude18<\/p>\n\n\n\n<div style=\"height:10px\" aria-hidden=\"true\" class=\"wp-block-spacer\"><\/div>\n\n\n\n<h4 class=\"wp-block-heading\"><strong>More about Practical Travel Information<\/strong><\/h4>\n\n\n<style>.kb-posts-id-28812_794758-b0 .entry.loop-entry .entry-header .entry-title{font-size:20px;line-height:25px;}.kb-posts-id-28812_794758-b0 .kb-post-list-item{display:grid;}@media all and (max-width: 1024px){.kb-posts-id-28812_794758-b0 .entry.loop-entry .entry-header .entry-title{font-size:20px;line-height:25px;}}@media all and (max-width: 767px){.kb-posts-id-28812_794758-b0 .entry.loop-entry .entry-header .entry-title{font-size:20px;line-height:25px;}}<\/style><ul class=\"wp-block-kadence-posts kb-posts kadence-posts-list kb-posts-id-28812_794758-b0 content-wrap grid-cols kb-posts-style-boxed grid-sm-col-3 grid-lg-col-3 item-image-style-above\"><li class=\"kb-post-list-item\">\n\t<article class=\"entry content-bg loop-entry post-5413 post type-post status-publish format-standard has-post-thumbnail hentry category-informacion-practica tag-informacion-practica-de-europa no-featured-image-padding resize-featured-image\">\n\t\t\t\t<a aria-hidden=\"true\" tabindex=\"-1\" role=\"presentation\" class=\"post-thumbnail kadence-thumbnail-ratio-2-3\" href=\"https:\/\/viajerosactivos.com\/en\/viajar-con-mascota\/\" aria-label=\"Traveling with Pets by plane: a complete guide\">\n\t\t\t<div class=\"post-thumbnail-inner\">\n\t\t\t\t<img loading=\"lazy\" decoding=\"async\" width=\"640\" height=\"640\" src=\"https:\/\/viajerosactivos.com\/wp-content\/uploads\/2022\/03\/viajar-con-gatos-en-avion2.jpg\" class=\"attachment-medium_large size-medium_large wp-post-image\" alt=\"traveling-with-cats-on-a-plane2\" srcset=\"https:\/\/viajerosactivos.com\/wp-content\/uploads\/2022\/03\/viajar-con-gatos-en-avion2.jpg 640w, https:\/\/viajerosactivos.com\/wp-content\/uploads\/2022\/03\/viajar-con-gatos-en-avion2-300x300.jpg 300w, https:\/\/viajerosactivos.com\/wp-content\/uploads\/2022\/03\/viajar-con-gatos-en-avion2-150x150.jpg 150w\" sizes=\"auto, (max-width: 640px) 100vw, 640px\" \/>\t\t\t<\/div>\n\t\t<\/a><!-- .post-thumbnail -->\n\t\t\t\t<div class=\"entry-content-wrap\">\n\t\t\t<header class=\"entry-header\">\n\t<h5 class=\"entry-title\"><a href=\"https:\/\/viajerosactivos.com\/en\/viajar-con-mascota\/\" rel=\"bookmark\">Traveling with Pets by plane: a complete guide<\/a><\/h5><\/header><!-- .entry-header -->\n<footer class=\"entry-footer\">\n\t<\/footer><!-- .entry-footer -->\t\t<\/div>\n\t<\/article>\n<\/li>\n<li class=\"kb-post-list-item\">\n\t<article class=\"entry content-bg loop-entry post-18141 post type-post status-publish format-standard has-post-thumbnail hentry category-informacion-practica tag-barato-europa tag-informacion-practica-de-europa no-featured-image-padding resize-featured-image\">\n\t\t\t\t<a aria-hidden=\"true\" tabindex=\"-1\" role=\"presentation\" class=\"post-thumbnail kadence-thumbnail-ratio-2-3\" href=\"https:\/\/viajerosactivos.com\/en\/viajar-barato-por-europa\/\" aria-label=\"31 Budget Travel Tips for Europe\">\n\t\t\t<div class=\"post-thumbnail-inner\">\n\t\t\t\t<img loading=\"lazy\" decoding=\"async\" width=\"750\" height=\"500\" src=\"https:\/\/viajerosactivos.com\/wp-content\/uploads\/2023\/08\/londres-8.jpg\" class=\"attachment-medium_large size-medium_large wp-post-image\" alt=\"london-(8)\" srcset=\"https:\/\/viajerosactivos.com\/wp-content\/uploads\/2023\/08\/londres-8.jpg 750w, https:\/\/viajerosactivos.com\/wp-content\/uploads\/2023\/08\/londres-8-300x200.jpg 300w\" sizes=\"auto, (max-width: 750px) 100vw, 750px\" \/>\t\t\t<\/div>\n\t\t<\/a><!-- .post-thumbnail -->\n\t\t\t\t<div class=\"entry-content-wrap\">\n\t\t\t<header class=\"entry-header\">\n\t<h5 class=\"entry-title\"><a href=\"https:\/\/viajerosactivos.com\/en\/viajar-barato-por-europa\/\" rel=\"bookmark\">31 Budget Travel Tips for Europe<\/a><\/h5><\/header><!-- .entry-header -->\n<footer class=\"entry-footer\">\n\t<\/footer><!-- .entry-footer -->\t\t<\/div>\n\t<\/article>\n<\/li>\n<li class=\"kb-post-list-item\">\n\t<article class=\"entry content-bg loop-entry post-22660 post type-post status-publish format-standard has-post-thumbnail hentry category-informacion-practica tag-europa-en-invierno tag-informacion-practica-de-europa no-featured-image-padding resize-featured-image\">\n\t\t\t\t<a aria-hidden=\"true\" tabindex=\"-1\" role=\"presentation\" class=\"post-thumbnail kadence-thumbnail-ratio-2-3\" href=\"https:\/\/viajerosactivos.com\/en\/viajar-a-europa-en-invierno\/\" aria-label=\"14 Travel Tips for Europe in Winter\">\n\t\t\t<div class=\"post-thumbnail-inner\">\n\t\t\t\t<img loading=\"lazy\" decoding=\"async\" width=\"750\" height=\"563\" src=\"https:\/\/viajerosactivos.com\/wp-content\/uploads\/2025\/10\/Lago-San-Mauricio.webp\" class=\"attachment-medium_large size-medium_large wp-post-image\" alt=\"Lake-Saint-Maurice\" srcset=\"https:\/\/viajerosactivos.com\/wp-content\/uploads\/2025\/10\/Lago-San-Mauricio.webp 750w, https:\/\/viajerosactivos.com\/wp-content\/uploads\/2025\/10\/Lago-San-Mauricio-300x225.webp 300w, https:\/\/viajerosactivos.com\/wp-content\/uploads\/2025\/10\/Lago-San-Mauricio-16x12.webp 16w\" sizes=\"auto, (max-width: 750px) 100vw, 750px\" \/>\t\t\t<\/div>\n\t\t<\/a><!-- .post-thumbnail -->\n\t\t\t\t<div class=\"entry-content-wrap\">\n\t\t\t<header class=\"entry-header\">\n\t<h5 class=\"entry-title\"><a href=\"https:\/\/viajerosactivos.com\/en\/viajar-a-europa-en-invierno\/\" rel=\"bookmark\">14 Travel Tips for Europe in Winter<\/a><\/h5><\/header><!-- .entry-header -->\n<footer class=\"entry-footer\">\n\t<\/footer><!-- .entry-footer -->\t\t<\/div>\n\t<\/article>\n<\/li>\n<li class=\"kb-post-list-item\">\n\t<article class=\"entry content-bg loop-entry post-18899 post type-post status-publish format-standard has-post-thumbnail hentry category-informacion-practica tag-regalos-viajeros no-featured-image-padding resize-featured-image\">\n\t\t\t\t<a aria-hidden=\"true\" tabindex=\"-1\" role=\"presentation\" class=\"post-thumbnail kadence-thumbnail-ratio-2-3\" href=\"https:\/\/viajerosactivos.com\/en\/regalos-para-viajeros\/\" aria-label=\"51 Gift Ideas for Travelers\">\n\t\t\t<div class=\"post-thumbnail-inner\">\n\t\t\t\t<img loading=\"lazy\" decoding=\"async\" width=\"750\" height=\"750\" src=\"https:\/\/viajerosactivos.com\/wp-content\/uploads\/2023\/09\/maletas-viaje.jpg\" class=\"attachment-medium_large size-medium_large wp-post-image\" alt=\"travel-suitcases\" srcset=\"https:\/\/viajerosactivos.com\/wp-content\/uploads\/2023\/09\/maletas-viaje.jpg 750w, https:\/\/viajerosactivos.com\/wp-content\/uploads\/2023\/09\/maletas-viaje-300x300.jpg 300w, https:\/\/viajerosactivos.com\/wp-content\/uploads\/2023\/09\/maletas-viaje-640x640.jpg 640w, https:\/\/viajerosactivos.com\/wp-content\/uploads\/2023\/09\/maletas-viaje-150x150.jpg 150w\" sizes=\"auto, (max-width: 750px) 100vw, 750px\" \/>\t\t\t<\/div>\n\t\t<\/a><!-- .post-thumbnail -->\n\t\t\t\t<div class=\"entry-content-wrap\">\n\t\t\t<header class=\"entry-header\">\n\t<h5 class=\"entry-title\"><a href=\"https:\/\/viajerosactivos.com\/en\/regalos-para-viajeros\/\" rel=\"bookmark\">51 Gift Ideas for Travelers<\/a><\/h5><\/header><!-- .entry-header -->\n<footer class=\"entry-footer\">\n\t<\/footer><!-- .entry-footer -->\t\t<\/div>\n\t<\/article>\n<\/li>\n<li class=\"kb-post-list-item\">\n\t<article class=\"entry content-bg loop-entry post-18224 post type-post status-publish format-standard has-post-thumbnail hentry category-informacion-practica tag-barato-europa tag-informacion-practica-de-europa no-featured-image-padding resize-featured-image\">\n\t\t\t\t<a aria-hidden=\"true\" tabindex=\"-1\" role=\"presentation\" class=\"post-thumbnail kadence-thumbnail-ratio-2-3\" href=\"https:\/\/viajerosactivos.com\/en\/destinos-baratos-en-europa\/\" aria-label=\"22 Cheapest Cities in Europe to travel\">\n\t\t\t<div class=\"post-thumbnail-inner\">\n\t\t\t\t<img loading=\"lazy\" decoding=\"async\" width=\"750\" height=\"750\" src=\"https:\/\/viajerosactivos.com\/wp-content\/uploads\/2023\/08\/puente-de-mostar.jpg\" class=\"attachment-medium_large size-medium_large wp-post-image\" alt=\"mostar-bridge\" srcset=\"https:\/\/viajerosactivos.com\/wp-content\/uploads\/2023\/08\/puente-de-mostar.jpg 750w, https:\/\/viajerosactivos.com\/wp-content\/uploads\/2023\/08\/puente-de-mostar-300x300.jpg 300w, https:\/\/viajerosactivos.com\/wp-content\/uploads\/2023\/08\/puente-de-mostar-640x640.jpg 640w, https:\/\/viajerosactivos.com\/wp-content\/uploads\/2023\/08\/puente-de-mostar-150x150.jpg 150w\" sizes=\"auto, (max-width: 750px) 100vw, 750px\" \/>\t\t\t<\/div>\n\t\t<\/a><!-- .post-thumbnail -->\n\t\t\t\t<div class=\"entry-content-wrap\">\n\t\t\t<header class=\"entry-header\">\n\t<h5 class=\"entry-title\"><a href=\"https:\/\/viajerosactivos.com\/en\/destinos-baratos-en-europa\/\" rel=\"bookmark\">22 Cheapest Cities in Europe to travel<\/a><\/h5><\/header><!-- .entry-header -->\n<footer class=\"entry-footer\">\n\t<\/footer><!-- .entry-footer -->\t\t<\/div>\n\t<\/article>\n<\/li>\n<li class=\"kb-post-list-item\">\n\t<article class=\"entry content-bg loop-entry post-22880 post type-post status-publish format-standard has-post-thumbnail hentry category-informacion-practica tag-europa-barato tag-informacion-practica-de-europa tag-internet-europa no-featured-image-padding resize-featured-image\">\n\t\t\t\t<a aria-hidden=\"true\" tabindex=\"-1\" role=\"presentation\" class=\"post-thumbnail kadence-thumbnail-ratio-2-3\" href=\"https:\/\/viajerosactivos.com\/en\/como-tener-internet-en-europa\/\" aria-label=\"Internet in Europe: Expensive, Affordable, or Unlimited\">\n\t\t\t<div class=\"post-thumbnail-inner\">\n\t\t\t\t<img loading=\"lazy\" decoding=\"async\" width=\"750\" height=\"500\" src=\"https:\/\/viajerosactivos.com\/wp-content\/uploads\/2023\/12\/como-tener-internet-en-europa.jpg\" class=\"attachment-medium_large size-medium_large wp-post-image\" alt=\"how-to-have-internet-in-europe\" srcset=\"https:\/\/viajerosactivos.com\/wp-content\/uploads\/2023\/12\/como-tener-internet-en-europa.jpg 750w, https:\/\/viajerosactivos.com\/wp-content\/uploads\/2023\/12\/como-tener-internet-en-europa-300x200.jpg 300w\" sizes=\"auto, (max-width: 750px) 100vw, 750px\" \/>\t\t\t<\/div>\n\t\t<\/a><!-- .post-thumbnail -->\n\t\t\t\t<div class=\"entry-content-wrap\">\n\t\t\t<header class=\"entry-header\">\n\t<h5 class=\"entry-title\"><a href=\"https:\/\/viajerosactivos.com\/en\/como-tener-internet-en-europa\/\" rel=\"bookmark\">Internet in Europe: Expensive, Affordable, or Unlimited<\/a><\/h5><\/header><!-- .entry-header -->\n<footer class=\"entry-footer\">\n\t<\/footer><!-- .entry-footer -->\t\t<\/div>\n\t<\/article>\n<\/li>\n<\/ul>\n\n\n<h4 class=\"wp-block-heading\"><strong>Travel Guides <\/strong><\/h4>\n\n\n\n<ul class=\"wp-block-list\">\n<li><a href=\"https:\/\/viajerosactivos.com\/en\/travel-guide-to-armenia\/\">Armenia Guide<\/a><\/li>\n\n\n\n<li><a href=\"https:\/\/viajerosactivos.com\/en\/travel-guide-to-georgia\/\">Georgia Guide<\/a><\/li>\n\n\n\n<li><a href=\"https:\/\/viajerosactivos.com\/en\/travel-guide-to-greece\/\">Greece Guide<\/a><\/li>\n\n\n\n<li><a href=\"https:\/\/viajerosactivos.com\/en\/travel-guide-to-bali\/\">Indonesia (Bali) Guide<\/a><\/li>\n\n\n\n<li><a href=\"https:\/\/viajerosactivos.com\/en\/thailand-travel-guide\/\">Thailand Guide<\/a><\/li>\n\n\n\n<li><a href=\"https:\/\/viajerosactivos.com\/en\/travel-guide-to-turkey\/\">T\u00fcrkiye Guide (Turkey)<\/a><\/li>\n\n\n\n<li><a href=\"https:\/\/viajerosactivos.com\/en\/travel-guide-to-vietnam\/\">Vietnam Guide<\/a><\/li>\n<\/ul>\n\n\n\n<div style=\"height:10px\" aria-hidden=\"true\" class=\"wp-block-spacer\"><\/div>\n\n\n<div class=\"sabox-plus-item\"><div class=\"saboxplugin-wrap\" itemtype=\"http:\/\/schema.org\/Person\" itemscope itemprop=\"author\"><div class=\"saboxplugin-tab\"><div class=\"saboxplugin-gravatar\"><img loading=\"lazy\" decoding=\"async\" src=\"https:\/\/viajerosactivos.com\/wp-content\/uploads\/2022\/09\/andrea-viajeros-activos.jpg\" width=\"100\"  height=\"100\" alt=\"andrea-active-travelers\" itemprop=\"image\"><\/div><div class=\"saboxplugin-authorname\"><a href=\"https:\/\/viajerosactivos.com\/en\/author\/admin\/\" class=\"vcard author\" rel=\"author\"><span class=\"fn\">Andrea Rodriguez<\/span><\/a><\/div><div class=\"saboxplugin-desc\"><div itemprop=\"description\"><p>Hi, I\u2019m Andrea, creator and author of Viajeros Activos (Active Travelers). I write about Southeast Asia, the Caucasus, and Europe. I\u2019m a full-time traveler, passionate about good food, and always looking for new adventures.<\/p>\n<\/div><\/div><div class=\"clearfix\"><\/div><\/div><\/div><\/div>","protected":false},"excerpt":{"rendered":"<p>Si est\u00e1s planeando un viaje, esta gu\u00eda de descuentos y p\u00e1ginas web con buenas ofertas te vendr\u00e1 de perlas para ahorrar dinero y, de &#8230; <\/p>\n<p class=\"read-more-container\"><a title=\"Travel Discounts\" class=\"read-more button\" href=\"https:\/\/viajerosactivos.com\/en\/descuentos-para-viajes\/#more-28812\" aria-label=\"Read more about Travel Discounts\">Read more<\/a><\/p>","protected":false},"author":1,"featured_media":0,"parent":0,"menu_order":0,"comment_status":"open","ping_status":"closed","template":"","meta":{"footnotes":""},"class_list":{"0":"post-28812","1":"page","2":"type-page","3":"status-publish","5":"no-featured-image-padding"},"_links":{"self":[{"href":"https:\/\/viajerosactivos.com\/en\/wp-json\/wp\/v2\/pages\/28812","targetHints":{"allow":["GET"]}}],"collection":[{"href":"https:\/\/viajerosactivos.com\/en\/wp-json\/wp\/v2\/pages"}],"about":[{"href":"https:\/\/viajerosactivos.com\/en\/wp-json\/wp\/v2\/types\/page"}],"author":[{"embeddable":true,"href":"https:\/\/viajerosactivos.com\/en\/wp-json\/wp\/v2\/users\/1"}],"replies":[{"embeddable":true,"href":"https:\/\/viajerosactivos.com\/en\/wp-json\/wp\/v2\/comments?post=28812"}],"version-history":[{"count":1,"href":"https:\/\/viajerosactivos.com\/en\/wp-json\/wp\/v2\/pages\/28812\/revisions"}],"predecessor-version":[{"id":35328,"href":"https:\/\/viajerosactivos.com\/en\/wp-json\/wp\/v2\/pages\/28812\/revisions\/35328"}],"wp:attachment":[{"href":"https:\/\/viajerosactivos.com\/en\/wp-json\/wp\/v2\/media?parent=28812"}],"curies":[{"name":"wp","href":"https:\/\/api.w.org\/{rel}","templated":true}]}}