{"id":28121,"date":"2024-10-30T18:10:58","date_gmt":"2024-10-30T17:10:58","guid":{"rendered":"https:\/\/viajerosactivos.com\/?page_id=28121"},"modified":"2026-01-08T16:37:18","modified_gmt":"2026-01-08T15:37:18","slug":"guia-de-alojamiento-en-tailandia","status":"publish","type":"page","link":"https:\/\/viajerosactivos.com\/fr\/guia-de-alojamiento-en-tailandia\/","title":{"rendered":"Guide d&#039;h\u00e9bergement en Tha\u00eflande"},"content":{"rendered":"<p class=\"has-contrast-color has-text-color has-link-color wp-elements-02df50b0d5a6a664a8af2d4f77655126\" style=\"font-size:16px\">Cet article peut contenir des liens d&#039;affiliation.<\/p>\n\n\n\n<p>En esta gu\u00eda encontrar\u00e1s todos los art\u00edculos que he escrito sobre las mejores zonas donde alojarse en Bangkok, Chiang Mai y otras zonas de Tailandia con hoteles recomendados para diferentes presupuestos. Adem\u00e1s, de algunos art\u00edculos con los mejores hoteles.<\/p>\n\n\n\n<div style=\"height:10px\" aria-hidden=\"true\" class=\"wp-block-spacer\"><\/div>\n\n\n\n<div id=\"ez-toc-container\" class=\"ez-toc-v2_0_82_2 counter-hierarchy ez-toc-counter ez-toc-black ez-toc-container-direction\">\n<div class=\"ez-toc-title-container\">\n<p class=\"ez-toc-title\" style=\"cursor:inherit\">Table des mati\u00e8res<\/p>\n<span class=\"ez-toc-title-toggle\"><a href=\"#\" class=\"ez-toc-pull-right ez-toc-btn ez-toc-btn-xs ez-toc-btn-default ez-toc-toggle\" aria-label=\"Afficher\/masquer la table des mati\u00e8res\"><span class=\"ez-toc-js-icon-con\"><span class=\"\"><span class=\"eztoc-hide\" style=\"display:none;\">Basculer<\/span><span class=\"ez-toc-icon-toggle-span\"><svg style=\"fill: #999;color:#999\" xmlns=\"http:\/\/www.w3.org\/2000\/svg\" class=\"list-377408\" width=\"20px\" height=\"20px\" viewbox=\"0 0 24 24\" fill=\"none\"><path d=\"M6 6H4v2h2V6zm14 0H8v2h12V6zM4 11h2v2H4v-2zm16 0H8v2h12v-2zM4 16h2v2H4v-2zm16 0H8v2h12v-2z\" fill=\"currentColor\"><\/path><\/svg><svg style=\"fill: #999;color:#999\" class=\"arrow-unsorted-368013\" xmlns=\"http:\/\/www.w3.org\/2000\/svg\" width=\"10px\" height=\"10px\" viewbox=\"0 0 24 24\" version=\"1.2\" baseprofile=\"tiny\"><path d=\"M18.2 9.3l-6.2-6.3-6.2 6.3c-.2.2-.3.4-.3.7s.1.5.3.7c.2.2.4.3.7.3h11c.3 0 .5-.1.7-.3.2-.2.3-.5.3-.7s-.1-.5-.3-.7zM5.8 14.7l6.2 6.3 6.2-6.3c.2-.2.3-.5.3-.7s-.1-.5-.3-.7c-.2-.2-.4-.3-.7-.3h-11c-.3 0-.5.1-.7.3-.2.2-.3.5-.3.7s.1.5.3.7z\"\/><\/svg><\/span><\/span><\/span><\/a><\/span><\/div>\n<nav><ul class='ez-toc-list ez-toc-list-level-1' ><li class='ez-toc-page-1 ez-toc-heading-level-2'><a class=\"ez-toc-link ez-toc-heading-1\" href=\"https:\/\/viajerosactivos.com\/fr\/guia-de-alojamiento-en-tailandia\/#Bangkok\" >Bangkok<\/a><\/li><li class='ez-toc-page-1 ez-toc-heading-level-2'><a class=\"ez-toc-link ez-toc-heading-2\" href=\"https:\/\/viajerosactivos.com\/fr\/guia-de-alojamiento-en-tailandia\/#Chiang_Mai\" >Chiang Mai<\/a><\/li><li class='ez-toc-page-1 ez-toc-heading-level-2'><a class=\"ez-toc-link ez-toc-heading-3\" href=\"https:\/\/viajerosactivos.com\/fr\/guia-de-alojamiento-en-tailandia\/#Krabi_y_Phi_Phi\" >Krabi y Phi Phi<\/a><\/li><li class='ez-toc-page-1 ez-toc-heading-level-2'><a class=\"ez-toc-link ez-toc-heading-4\" href=\"https:\/\/viajerosactivos.com\/fr\/guia-de-alojamiento-en-tailandia\/#Phuket\" >Phuket<\/a><\/li><li class='ez-toc-page-1 ez-toc-heading-level-2'><a class=\"ez-toc-link ez-toc-heading-5\" href=\"https:\/\/viajerosactivos.com\/fr\/guia-de-alojamiento-en-tailandia\/#Golfo_de_Tailandia\" >Golfe de Tha\u00eflande<\/a><\/li><li class='ez-toc-page-1 ez-toc-heading-level-2'><a class=\"ez-toc-link ez-toc-heading-6\" href=\"https:\/\/viajerosactivos.com\/fr\/guia-de-alojamiento-en-tailandia\/#Pensamientos_finales\" >Derni\u00e8res r\u00e9flexions<\/a><\/li><\/ul><\/nav><\/div>\n\n\n\n\n<div style=\"height:10px\" aria-hidden=\"true\" class=\"wp-block-spacer\"><\/div>\n\n\n\n<h2 class=\"wp-block-heading\"><span class=\"ez-toc-section\" id=\"Bangkok\"><\/span>Bangkok<span class=\"ez-toc-section-end\"><\/span><\/h2>\n\n\n<style>.kb-posts-id-28121_6c26a4-73 .kb-post-list-item{display:grid;}<\/style><ul class=\"wp-block-kadence-posts kb-posts kadence-posts-list kb-posts-id-28121_6c26a4-73 content-wrap grid-cols kb-posts-style-boxed grid-sm-col-3 grid-lg-col-3 item-image-style-above\"><li class=\"kb-post-list-item\">\n\t<article class=\"entry content-bg loop-entry post-27987 post type-post status-publish format-standard has-post-thumbnail hentry category-bangkok tag-bangkok tag-donde-alojarse-en-bangkok tag-donde-alojarse-en-tailandia-alojamiento-en-tailandia no-featured-image-padding resize-featured-image\">\n\t\t\t\t<a aria-hidden=\"true\" tabindex=\"-1\" role=\"presentation\" class=\"post-thumbnail kadence-thumbnail-ratio-2-3\" href=\"https:\/\/viajerosactivos.com\/fr\/donde-alojarse-en-bangkok\/\" aria-label=\"O\u00f9 s\u00e9journer \u00e0 Bangkok\u00a0: meilleurs quartiers et h\u00f4tels\">\n\t\t\t<div class=\"post-thumbnail-inner\">\n\t\t\t\t<img loading=\"lazy\" decoding=\"async\" width=\"750\" height=\"500\" src=\"https:\/\/viajerosactivos.com\/wp-content\/uploads\/2023\/06\/wat-pho.jpg\" class=\"attachment-medium_large size-medium_large wp-post-image\" alt=\"wat-pho\" srcset=\"https:\/\/viajerosactivos.com\/wp-content\/uploads\/2023\/06\/wat-pho.jpg 750w, https:\/\/viajerosactivos.com\/wp-content\/uploads\/2023\/06\/wat-pho-300x200.jpg 300w\" sizes=\"auto, (max-width: 750px) 100vw, 750px\" \/>\t\t\t<\/div>\n\t\t<\/a><!-- .post-thumbnail -->\n\t\t\t\t<div class=\"entry-content-wrap\">\n\t\t\t<header class=\"entry-header\">\n\t<h5 class=\"entry-title\"><a href=\"https:\/\/viajerosactivos.com\/fr\/donde-alojarse-en-bangkok\/\" rel=\"bookmark\">O\u00f9 s\u00e9journer \u00e0 Bangkok\u00a0: meilleurs quartiers et h\u00f4tels<\/a><\/h5><\/header><!-- .entry-header -->\n<footer class=\"entry-footer\">\n\t<\/footer><!-- .entry-footer -->\t\t<\/div>\n\t<\/article>\n<\/li>\n<li class=\"kb-post-list-item\">\n\t<article class=\"entry content-bg loop-entry post-5588 post type-post status-publish format-standard has-post-thumbnail hentry category-bangkok tag-alojamiento-en-tailandia tag-bangkok tag-donde-alojarse-en-bangkok tag-hoteles-en-bangkok tag-hoteles-en-tailandia no-featured-image-padding resize-featured-image\">\n\t\t\t\t<a aria-hidden=\"true\" tabindex=\"-1\" role=\"presentation\" class=\"post-thumbnail kadence-thumbnail-ratio-2-3\" href=\"https:\/\/viajerosactivos.com\/fr\/hoteles-en-bangkok\/\" aria-label=\"6 des meilleurs h\u00f4tels de Bangkok \u00e0 bon prix\">\n\t\t\t<div class=\"post-thumbnail-inner\">\n\t\t\t\t<img loading=\"lazy\" decoding=\"async\" width=\"700\" height=\"350\" src=\"https:\/\/viajerosactivos.com\/wp-content\/uploads\/2022\/04\/52-hotel-radisson-bangkok.jpg\" class=\"attachment-medium_large size-medium_large wp-post-image\" alt=\"h\u00f4tel-radisson-\" srcset=\"https:\/\/viajerosactivos.com\/wp-content\/uploads\/2022\/04\/52-hotel-radisson-bangkok.jpg 700w, https:\/\/viajerosactivos.com\/wp-content\/uploads\/2022\/04\/52-hotel-radisson-bangkok-300x150.jpg 300w\" sizes=\"auto, (max-width: 700px) 100vw, 700px\" \/>\t\t\t<\/div>\n\t\t<\/a><!-- .post-thumbnail -->\n\t\t\t\t<div class=\"entry-content-wrap\">\n\t\t\t<header class=\"entry-header\">\n\t<h5 class=\"entry-title\"><a href=\"https:\/\/viajerosactivos.com\/fr\/hoteles-en-bangkok\/\" rel=\"bookmark\">6 des meilleurs h\u00f4tels de Bangkok \u00e0 bon prix<\/a><\/h5><\/header><!-- .entry-header -->\n<footer class=\"entry-footer\">\n\t<\/footer><!-- .entry-footer -->\t\t<\/div>\n\t<\/article>\n<\/li>\n<\/ul>\n\n\n<div style=\"height:10px\" aria-hidden=\"true\" class=\"wp-block-spacer\"><\/div>\n\n\n\n\n\n<div style=\"height:10px\" aria-hidden=\"true\" class=\"wp-block-spacer\"><\/div>\n\n\n\n<h2 class=\"wp-block-heading\"><span class=\"ez-toc-section\" id=\"Chiang_Mai\"><\/span>Chiang Mai<span class=\"ez-toc-section-end\"><\/span><\/h2>\n\n\n<style>.kb-posts-id-28121_b370a8-e8 .kb-post-list-item{display:grid;}<\/style><ul class=\"wp-block-kadence-posts kb-posts kadence-posts-list kb-posts-id-28121_b370a8-e8 content-wrap grid-cols kb-posts-style-boxed grid-sm-col-3 grid-lg-col-3 item-image-style-above\"><li class=\"kb-post-list-item\">\n\t<article class=\"entry content-bg loop-entry post-7113 post type-post status-publish format-standard has-post-thumbnail hentry category-chiang-mai tag-alojamiento-en-tailandia tag-chiang-mai tag-donde-alojarse-en-chiang-mai tag-donde-alojarse-en-tailandia tag-hoteles-en-chiang-mai tag-hoteles-en-tailandia no-featured-image-padding\">\n\t\t\t\t<a aria-hidden=\"true\" tabindex=\"-1\" role=\"presentation\" class=\"post-thumbnail kadence-thumbnail-ratio-2-3\" href=\"https:\/\/viajerosactivos.com\/fr\/donde-alojarse-en-chiang-mai\/\" aria-label=\"O\u00f9 loger \u00e0 Chiang Mai\u00a0? \u2013 par quartier et par prix\">\n\t\t\t<div class=\"post-thumbnail-inner\">\n\t\t\t\t<img loading=\"lazy\" decoding=\"async\" width=\"768\" height=\"512\" src=\"https:\/\/viajerosactivos.com\/wp-content\/uploads\/2022\/08\/veranda-high-resort-768x512.jpg\" class=\"attachment-medium_large size-medium_large wp-post-image\" alt=\"v\u00e9randa-haut-resort\" srcset=\"https:\/\/viajerosactivos.com\/wp-content\/uploads\/2022\/08\/veranda-high-resort-768x512.jpg 768w, https:\/\/viajerosactivos.com\/wp-content\/uploads\/2022\/08\/veranda-high-resort-300x200.jpg 300w, https:\/\/viajerosactivos.com\/wp-content\/uploads\/2022\/08\/veranda-high-resort-960x640.jpg 960w, https:\/\/viajerosactivos.com\/wp-content\/uploads\/2022\/08\/veranda-high-resort.jpg 1024w\" sizes=\"auto, (max-width: 768px) 100vw, 768px\" \/>\t\t\t<\/div>\n\t\t<\/a><!-- .post-thumbnail -->\n\t\t\t\t<div class=\"entry-content-wrap\">\n\t\t\t<header class=\"entry-header\">\n\t<h5 class=\"entry-title\"><a href=\"https:\/\/viajerosactivos.com\/fr\/donde-alojarse-en-chiang-mai\/\" rel=\"bookmark\">O\u00f9 loger \u00e0 Chiang Mai\u00a0? \u2013 par quartier et par prix<\/a><\/h5><\/header><!-- .entry-header -->\n<footer class=\"entry-footer\">\n\t<\/footer><!-- .entry-footer -->\t\t<\/div>\n\t<\/article>\n<\/li>\n<\/ul>\n\n\n<div style=\"height:10px\" aria-hidden=\"true\" class=\"wp-block-spacer\"><\/div>\n\n\n\n<h2 class=\"wp-block-heading\"><span class=\"ez-toc-section\" id=\"Krabi_y_Phi_Phi\"><\/span>Krabi y Phi Phi<span class=\"ez-toc-section-end\"><\/span><\/h2>\n\n\n<style>.kb-posts-id-28121_898b80-dc .kb-post-list-item{display:grid;}<\/style><ul class=\"wp-block-kadence-posts kb-posts kadence-posts-list kb-posts-id-28121_898b80-dc content-wrap grid-cols kb-posts-style-boxed grid-sm-col-3 grid-lg-col-3 item-image-style-above\"><li class=\"kb-post-list-item\">\n\t<article class=\"entry content-bg loop-entry post-27877 post type-post status-publish format-standard has-post-thumbnail hentry category-islas-andaman tag-alojamiento-en-tailandia tag-donde-alojarse-en-el-sur-de-tailandia tag-donde-alojarse-en-krabi tag-donde-alojarse-en-tailandia tag-phi-phi no-featured-image-padding resize-featured-image\">\n\t\t\t\t<a aria-hidden=\"true\" tabindex=\"-1\" role=\"presentation\" class=\"post-thumbnail kadence-thumbnail-ratio-2-3\" href=\"https:\/\/viajerosactivos.com\/fr\/donde-alojarse-en-phi-phi\/\" aria-label=\"O\u00f9 s\u00e9journer \u00e0 Phi Phi\u00a0: meilleurs quartiers et h\u00f4tels\">\n\t\t\t<div class=\"post-thumbnail-inner\">\n\t\t\t\t<img loading=\"lazy\" decoding=\"async\" width=\"750\" height=\"555\" src=\"https:\/\/viajerosactivos.com\/wp-content\/uploads\/2023\/11\/maya-beach-en-phi-phi.jpg\" class=\"attachment-medium_large size-medium_large wp-post-image\" alt=\"Plage de Maya \u00e0 Phi Phi\" srcset=\"https:\/\/viajerosactivos.com\/wp-content\/uploads\/2023\/11\/maya-beach-en-phi-phi.jpg 750w, https:\/\/viajerosactivos.com\/wp-content\/uploads\/2023\/11\/maya-beach-en-phi-phi-300x222.jpg 300w\" sizes=\"auto, (max-width: 750px) 100vw, 750px\" \/>\t\t\t<\/div>\n\t\t<\/a><!-- .post-thumbnail -->\n\t\t\t\t<div class=\"entry-content-wrap\">\n\t\t\t<header class=\"entry-header\">\n\t<h5 class=\"entry-title\"><a href=\"https:\/\/viajerosactivos.com\/fr\/donde-alojarse-en-phi-phi\/\" rel=\"bookmark\">O\u00f9 s\u00e9journer \u00e0 Phi Phi\u00a0: meilleurs quartiers et h\u00f4tels<\/a><\/h5><\/header><!-- .entry-header -->\n<footer class=\"entry-footer\">\n\t<\/footer><!-- .entry-footer -->\t\t<\/div>\n\t<\/article>\n<\/li>\n<li class=\"kb-post-list-item\">\n\t<article class=\"entry content-bg loop-entry post-27501 post type-post status-publish format-standard has-post-thumbnail hentry category-sur-de-tailandia tag-alojamiento-en-tailandia tag-donde-alojarse-en-el-sur-de-tailandia tag-donde-alojarse-en-krabi tag-donde-alojarse-en-tailandia tag-hoteles-en-tailandia tag-krabi no-featured-image-padding resize-featured-image\">\n\t\t\t\t<a aria-hidden=\"true\" tabindex=\"-1\" role=\"presentation\" class=\"post-thumbnail kadence-thumbnail-ratio-2-3\" href=\"https:\/\/viajerosactivos.com\/fr\/donde-alojarse-en-krabi\/\" aria-label=\"O\u00f9 s\u00e9journer \u00e0 Krabi\u00a0: meilleurs quartiers et h\u00f4tels\">\n\t\t\t<div class=\"post-thumbnail-inner\">\n\t\t\t\t<img loading=\"lazy\" decoding=\"async\" width=\"768\" height=\"432\" src=\"https:\/\/viajerosactivos.com\/wp-content\/uploads\/2024\/09\/krabi-tailandia-768x432.jpg\" class=\"attachment-medium_large size-medium_large wp-post-image\" alt=\"Krabi, Tha\u00eflande\" srcset=\"https:\/\/viajerosactivos.com\/wp-content\/uploads\/2024\/09\/krabi-tailandia-768x432.jpg 768w, https:\/\/viajerosactivos.com\/wp-content\/uploads\/2024\/09\/krabi-tailandia-300x169.jpg 300w, https:\/\/viajerosactivos.com\/wp-content\/uploads\/2024\/09\/krabi-tailandia-18x10.jpg 18w, https:\/\/viajerosactivos.com\/wp-content\/uploads\/2024\/09\/krabi-tailandia.jpg 900w\" sizes=\"auto, (max-width: 768px) 100vw, 768px\" \/>\t\t\t<\/div>\n\t\t<\/a><!-- .post-thumbnail -->\n\t\t\t\t<div class=\"entry-content-wrap\">\n\t\t\t<header class=\"entry-header\">\n\t<h5 class=\"entry-title\"><a href=\"https:\/\/viajerosactivos.com\/fr\/donde-alojarse-en-krabi\/\" rel=\"bookmark\">O\u00f9 s\u00e9journer \u00e0 Krabi\u00a0: meilleurs quartiers et h\u00f4tels<\/a><\/h5><\/header><!-- .entry-header -->\n<footer class=\"entry-footer\">\n\t<\/footer><!-- .entry-footer -->\t\t<\/div>\n\t<\/article>\n<\/li>\n<\/ul>\n\n\n<div style=\"height:10px\" aria-hidden=\"true\" class=\"wp-block-spacer\"><\/div>\n\n\n\n<h2 class=\"wp-block-heading\"><span class=\"ez-toc-section\" id=\"Phuket\"><\/span>Phuket<span class=\"ez-toc-section-end\"><\/span><\/h2>\n\n\n<style>.kb-posts-id-28121_9cd3a0-4b .kb-post-list-item{display:grid;}<\/style><ul class=\"wp-block-kadence-posts kb-posts kadence-posts-list kb-posts-id-28121_9cd3a0-4b content-wrap grid-cols kb-posts-style-boxed grid-sm-col-3 grid-lg-col-3 item-image-style-above\"><li class=\"kb-post-list-item\">\n\t<article class=\"entry content-bg loop-entry post-27934 post type-post status-publish format-standard has-post-thumbnail hentry category-islas-andaman tag-alojamiento-en-tailandia tag-donde-alojarse-en-el-sur-de-tailandia tag-donde-alojarse-en-phuket tag-donde-alojarse-en-tailandia tag-phuket no-featured-image-padding resize-featured-image\">\n\t\t\t\t<a aria-hidden=\"true\" tabindex=\"-1\" role=\"presentation\" class=\"post-thumbnail kadence-thumbnail-ratio-2-3\" href=\"https:\/\/viajerosactivos.com\/fr\/donde-alojarse-en-phuket\/\" aria-label=\"O\u00f9 s\u00e9journer \u00e0 Phuket\u00a0: meilleurs quartiers et h\u00f4tels\">\n\t\t\t<div class=\"post-thumbnail-inner\">\n\t\t\t\t<img loading=\"lazy\" decoding=\"async\" width=\"640\" height=\"388\" src=\"https:\/\/viajerosactivos.com\/wp-content\/uploads\/2022\/09\/freedom-en-phuket.jpg\" class=\"attachment-medium_large size-medium_large wp-post-image\" alt=\"libert\u00e9 \u00e0 Phuket\" srcset=\"https:\/\/viajerosactivos.com\/wp-content\/uploads\/2022\/09\/freedom-en-phuket.jpg 640w, https:\/\/viajerosactivos.com\/wp-content\/uploads\/2022\/09\/freedom-en-phuket-300x182.jpg 300w\" sizes=\"auto, (max-width: 640px) 100vw, 640px\" \/>\t\t\t<\/div>\n\t\t<\/a><!-- .post-thumbnail -->\n\t\t\t\t<div class=\"entry-content-wrap\">\n\t\t\t<header class=\"entry-header\">\n\t<h5 class=\"entry-title\"><a href=\"https:\/\/viajerosactivos.com\/fr\/donde-alojarse-en-phuket\/\" rel=\"bookmark\">O\u00f9 s\u00e9journer \u00e0 Phuket\u00a0: meilleurs quartiers et h\u00f4tels<\/a><\/h5><\/header><!-- .entry-header -->\n<footer class=\"entry-footer\">\n\t<\/footer><!-- .entry-footer -->\t\t<\/div>\n\t<\/article>\n<\/li>\n<li class=\"kb-post-list-item\">\n\t<article class=\"entry content-bg loop-entry post-6767 post type-post status-publish format-standard has-post-thumbnail hentry category-islas-andaman tag-alojamiento-en-tailandia tag-donde-alojarse-en-el-sur-de-tailandia tag-donde-alojarse-en-phuket tag-hoteles-en-phuket tag-hoteles-en-tailandia tag-phuket no-featured-image-padding resize-featured-image\">\n\t\t\t\t<a aria-hidden=\"true\" tabindex=\"-1\" role=\"presentation\" class=\"post-thumbnail kadence-thumbnail-ratio-2-3\" href=\"https:\/\/viajerosactivos.com\/fr\/hoteles-en-phuket\/\" aria-label=\"5 h\u00f4tels \u00e0 Phuket\u00a0: les complexes h\u00f4teliers offrant le meilleur rapport qualit\u00e9-prix\">\n\t\t\t<div class=\"post-thumbnail-inner\">\n\t\t\t\t<img loading=\"lazy\" decoding=\"async\" width=\"750\" height=\"411\" src=\"https:\/\/viajerosactivos.com\/wp-content\/uploads\/2023\/12\/01-twinpalms-hoteles-en-pkuket2.jpg\" class=\"attachment-medium_large size-medium_large wp-post-image\" alt=\"01-twinpalms-hotels-in-pkuket2\" srcset=\"https:\/\/viajerosactivos.com\/wp-content\/uploads\/2023\/12\/01-twinpalms-hoteles-en-pkuket2.jpg 750w, https:\/\/viajerosactivos.com\/wp-content\/uploads\/2023\/12\/01-twinpalms-hoteles-en-pkuket2-300x164.jpg 300w\" sizes=\"auto, (max-width: 750px) 100vw, 750px\" \/>\t\t\t<\/div>\n\t\t<\/a><!-- .post-thumbnail -->\n\t\t\t\t<div class=\"entry-content-wrap\">\n\t\t\t<header class=\"entry-header\">\n\t<h5 class=\"entry-title\"><a href=\"https:\/\/viajerosactivos.com\/fr\/hoteles-en-phuket\/\" rel=\"bookmark\">5 h\u00f4tels \u00e0 Phuket\u00a0: les complexes h\u00f4teliers offrant le meilleur rapport qualit\u00e9-prix<\/a><\/h5><\/header><!-- .entry-header -->\n<footer class=\"entry-footer\">\n\t<\/footer><!-- .entry-footer -->\t\t<\/div>\n\t<\/article>\n<\/li>\n<\/ul>\n\n\n<div style=\"height:10px\" aria-hidden=\"true\" class=\"wp-block-spacer\"><\/div>\n\n\n\n<h2 class=\"wp-block-heading\"><span class=\"ez-toc-section\" id=\"Golfo_de_Tailandia\"><\/span>Golfe de Tha\u00eflande<span class=\"ez-toc-section-end\"><\/span><\/h2>\n\n\n<style>.kb-posts-id-28121_942603-94 .kb-post-list-item{display:grid;}<\/style><ul class=\"wp-block-kadence-posts kb-posts kadence-posts-list kb-posts-id-28121_942603-94 content-wrap grid-cols kb-posts-style-boxed grid-sm-col-3 grid-lg-col-3 item-image-style-above\"><li class=\"kb-post-list-item\">\n\t<article class=\"entry content-bg loop-entry post-5188 post type-post status-publish format-standard has-post-thumbnail hentry category-islas-del-golfo tag-alojamiento-en-tailandia tag-donde-alojarse-en-el-golfo-de-tailandia tag-hoteles-en-koh-samui tag-hoteles-en-tailandia tag-koh-samui no-featured-image-padding resize-featured-image\">\n\t\t\t\t<a aria-hidden=\"true\" tabindex=\"-1\" role=\"presentation\" class=\"post-thumbnail kadence-thumbnail-ratio-2-3\" href=\"https:\/\/viajerosactivos.com\/fr\/hoteles-en-koh-samui\/\" aria-label=\"6 des meilleurs h\u00f4tels \u00e0 Koh Samui \u00e0 un prix avantageux\">\n\t\t\t<div class=\"post-thumbnail-inner\">\n\t\t\t\t<img loading=\"lazy\" decoding=\"async\" width=\"700\" height=\"350\" src=\"https:\/\/viajerosactivos.com\/wp-content\/uploads\/2023\/12\/011-resort-en-koh-samui.jpg\" class=\"attachment-medium_large size-medium_large wp-post-image\" alt=\"011-resort-en-koh-samui\" srcset=\"https:\/\/viajerosactivos.com\/wp-content\/uploads\/2023\/12\/011-resort-en-koh-samui.jpg 700w, https:\/\/viajerosactivos.com\/wp-content\/uploads\/2023\/12\/011-resort-en-koh-samui-300x150.jpg 300w\" sizes=\"auto, (max-width: 700px) 100vw, 700px\" \/>\t\t\t<\/div>\n\t\t<\/a><!-- .post-thumbnail -->\n\t\t\t\t<div class=\"entry-content-wrap\">\n\t\t\t<header class=\"entry-header\">\n\t<h5 class=\"entry-title\"><a href=\"https:\/\/viajerosactivos.com\/fr\/hoteles-en-koh-samui\/\" rel=\"bookmark\">6 des meilleurs h\u00f4tels \u00e0 Koh Samui \u00e0 un prix avantageux<\/a><\/h5><\/header><!-- .entry-header -->\n<footer class=\"entry-footer\">\n\t<\/footer><!-- .entry-footer -->\t\t<\/div>\n\t<\/article>\n<\/li>\n<\/ul>\n\n\n<div style=\"height:10px\" aria-hidden=\"true\" class=\"wp-block-spacer\"><\/div>\n\n\n\n<h2 class=\"wp-block-heading\"><span class=\"ez-toc-section\" id=\"Pensamientos_finales\"><\/span>Derni\u00e8res r\u00e9flexions<span class=\"ez-toc-section-end\"><\/span><\/h2>\n\n\n\n<p>Espero que esta gu\u00eda de alojamiento en Tailandia te sirva para encontrar buenas zonas y hoteles para unas vacaciones inolvidables.<\/p>\n\n\n\n<p class=\"translation-block\">Conservez ce guide\u00a0; il vous sera utile tout au long de votre voyage et vous donnera acc\u00e8s \u00e0 tous mes articles. Si vous l&#039;avez trouv\u00e9 utile, <strong>n&#039;h\u00e9sitez pas \u00e0 le partager avec d&#039;autres voyageurs<\/strong> . Bon voyage\u00a0! \ud83d\udc9a<\/p>\n\n\n\n<div style=\"height:10px\" aria-hidden=\"true\" class=\"wp-block-spacer\"><\/div>\n\n\n\n<h4 class=\"wp-block-heading\"><strong>Autres guides sur la Tha\u00eflande<\/strong><\/h4>\n\n\n\n<ul class=\"wp-block-list\">\n<li><a href=\"https:\/\/viajerosactivos.com\/fr\/guia-de-viaje-a-tailandia\/\">Guide de la Tha\u00eflande<\/a><\/li>\n\n\n\n<li><a href=\"https:\/\/viajerosactivos.com\/fr\/guide-de-voyage-de-bangkok\/\">Guide de Bangkok<\/a><\/li>\n\n\n\n<li><a href=\"https:\/\/viajerosactivos.com\/fr\/guia-de-viaje-a-chiang-mai\/\">Guide de Chiang Mai<\/a><\/li>\n\n\n\n<li><a href=\"https:\/\/viajerosactivos.com\/fr\/guide-de-voyage-pour-le-sud-de-la-thailande\/\">Guide du sud de la Tha\u00eflande<\/a><\/li>\n<\/ul>\n\n\n\n<div style=\"height:10px\" aria-hidden=\"true\" class=\"wp-block-spacer\"><\/div>\n\n\n<div class=\"sabox-plus-item\"><div class=\"saboxplugin-wrap\" itemtype=\"http:\/\/schema.org\/Person\" itemscope itemprop=\"author\"><div class=\"saboxplugin-tab\"><div class=\"saboxplugin-gravatar\"><img loading=\"lazy\" decoding=\"async\" src=\"https:\/\/viajerosactivos.com\/wp-content\/uploads\/2022\/09\/andrea-viajeros-activos.jpg\" width=\"100\"  height=\"100\" alt=\"andrea-voyageurs-actifs\" itemprop=\"image\"><\/div><div class=\"saboxplugin-authorname\"><a href=\"https:\/\/viajerosactivos.com\/fr\/author\/admin\/\" class=\"vcard author\" rel=\"author\"><span class=\"fn\">Andrea Rodr\u00edguez<\/span><\/a><\/div><div class=\"saboxplugin-desc\"><div itemprop=\"description\"><p>Bonjour, je suis Andrea, cr\u00e9atrice et auteure de Viajeros Activos (Voyageurs Actifs). J'\u00e9cris sur l'Asie du Sud-Est, le Caucase et l'Europe. Je voyage \u00e0 plein temps, je suis passionn\u00e9e de gastronomie et toujours en qu\u00eate de nouvelles aventures.<\/p>\n<\/div><\/div><div class=\"clearfix\"><\/div><\/div><\/div><\/div>\n\n\n<p><\/p>\n\n\n\n<div style=\"height:10px\" aria-hidden=\"true\" class=\"wp-block-spacer\"><\/div>","protected":false},"excerpt":{"rendered":"<p>Este art\u00edculo puede contener enlaces de afiliados. En esta gu\u00eda encontrar\u00e1s todos los art\u00edculos que he escrito sobre las mejores zonas donde alojarse en &#8230; <\/p>\n<p class=\"read-more-container\"><a title=\"Guide d&#039;h\u00e9bergement en Tha\u00eflande\" class=\"read-more button\" href=\"https:\/\/viajerosactivos.com\/fr\/guia-de-alojamiento-en-tailandia\/#more-28121\" aria-label=\"En savoir plus sur Gu\u00eda de Alojamiento en Tailandia\">En savoir plus<\/a><\/p>","protected":false},"author":1,"featured_media":0,"parent":0,"menu_order":0,"comment_status":"open","ping_status":"closed","template":"","meta":{"footnotes":""},"class_list":{"0":"post-28121","1":"page","2":"type-page","3":"status-publish","5":"no-featured-image-padding"},"_links":{"self":[{"href":"https:\/\/viajerosactivos.com\/fr\/wp-json\/wp\/v2\/pages\/28121","targetHints":{"allow":["GET"]}}],"collection":[{"href":"https:\/\/viajerosactivos.com\/fr\/wp-json\/wp\/v2\/pages"}],"about":[{"href":"https:\/\/viajerosactivos.com\/fr\/wp-json\/wp\/v2\/types\/page"}],"author":[{"embeddable":true,"href":"https:\/\/viajerosactivos.com\/fr\/wp-json\/wp\/v2\/users\/1"}],"replies":[{"embeddable":true,"href":"https:\/\/viajerosactivos.com\/fr\/wp-json\/wp\/v2\/comments?post=28121"}],"version-history":[{"count":0,"href":"https:\/\/viajerosactivos.com\/fr\/wp-json\/wp\/v2\/pages\/28121\/revisions"}],"wp:attachment":[{"href":"https:\/\/viajerosactivos.com\/fr\/wp-json\/wp\/v2\/media?parent=28121"}],"curies":[{"name":"wp","href":"https:\/\/api.w.org\/{rel}","templated":true}]}}