{"id":29800,"date":"2025-02-16T16:28:56","date_gmt":"2025-02-16T15:28:56","guid":{"rendered":"https:\/\/viajerosactivos.com\/?page_id=29800"},"modified":"2025-03-02T12:59:32","modified_gmt":"2025-03-02T11:59:32","slug":"sobre-mi","status":"publish","type":"page","link":"https:\/\/viajerosactivos.com\/fr\/sobre-mi\/","title":{"rendered":"Sobre M\u00ed"},"content":{"rendered":"<h2 class=\"wp-block-heading\">\u00bfQui\u00e9n soy?<\/h2>\n\n\n\n<p>Soy Andrea Rodr\u00edguez, la creadora y escritora de Viajeros Activos. Nac\u00ed en Uruguay donde me crie, luego me mud\u00e9 a Espa\u00f1a, mi tierra adoptiva donde he vivido casi dos d\u00e9cadas.<\/p>\n\n\n<div class=\"wp-block-image\">\n<figure class=\"aligncenter size-full\"><img loading=\"lazy\" decoding=\"async\" width=\"750\" height=\"500\" src=\"https:\/\/viajerosactivos.com\/wp-content\/uploads\/2023\/02\/vestimenta-tradicional-tailandesa.jpg\" alt=\"robe traditionnelle tha\u00eflandaise\" class=\"wp-image-11201\" srcset=\"https:\/\/viajerosactivos.com\/wp-content\/uploads\/2023\/02\/vestimenta-tradicional-tailandesa.jpg 750w, https:\/\/viajerosactivos.com\/wp-content\/uploads\/2023\/02\/vestimenta-tradicional-tailandesa-300x200.jpg 300w\" sizes=\"auto, (max-width: 750px) 100vw, 750px\" \/><\/figure>\n<\/div>\n\n\n<p>Tengo un t\u00edtulo en Marketing y un m\u00e1ster en Comercio Internacional, \u00e1rea en la que trabaj\u00e9 durante 15 a\u00f1os. Siempre he sido una apasionada del deporte, con experiencia en nataci\u00f3n, k\u00e1rate, windsurf y yoga.<\/p>\n\n\n\n<p>En 2019, comenc\u00e9 mi vida como n\u00f3mada sin prisas y cre\u00e9 este blog de viajes para inspirar a otros viajeros activos a descubrir el mundo a su propio ritmo. <\/p>\n\n\n\n<p>Antes de lanzarme a la vida n\u00f3mada ya hab\u00eda vivido en Espa\u00f1a, Francia y Grecia. A partir de 2019 he vivido en Tailandia, Georgia y nuevamente en Grecia.<\/p>\n\n\n<div class=\"wp-block-image\">\n<figure class=\"aligncenter size-full\"><img loading=\"lazy\" decoding=\"async\" width=\"750\" height=\"563\" src=\"https:\/\/viajerosactivos.com\/wp-content\/uploads\/2023\/04\/caucaso-mayor-en-kazbegi-2.jpg\" alt=\"caucaso-mayor-en-kazbegi-2\" class=\"wp-image-12878\" srcset=\"https:\/\/viajerosactivos.com\/wp-content\/uploads\/2023\/04\/caucaso-mayor-en-kazbegi-2.jpg 750w, https:\/\/viajerosactivos.com\/wp-content\/uploads\/2023\/04\/caucaso-mayor-en-kazbegi-2-300x225.jpg 300w\" sizes=\"auto, (max-width: 750px) 100vw, 750px\" \/><\/figure>\n<\/div>\n\n\n<h2 class=\"wp-block-heading\">Viajeros Activos<\/h2>\n\n\n\n<p>Viajeros Activos es un blog de viajes enfocado en experiencias de aventura, desde senderismo, escalada y surf hasta actividades m\u00e1s relajadas como yoga. <\/p>\n\n\n\n<p>Comparto cada destino con una mirada local, viajando sin prisas y explorando rincones aut\u00e9nticos que solo conocen los locales.  Por ahora, el blog abarca el Sudeste Asi\u00e1tico, el C\u00e1ucaso y Europa\u2026 \u00a1y muchos destinos m\u00e1s por venir!<\/p>\n\n\n<div class=\"wp-block-image\">\n<figure class=\"aligncenter size-full is-resized\"><img loading=\"lazy\" decoding=\"async\" width=\"750\" height=\"500\" src=\"https:\/\/viajerosactivos.com\/wp-content\/uploads\/2023\/02\/visita-templo-en-chiang-mai.jpg\" alt=\"visiter un temple \u00e0 Chiang Mai\" class=\"wp-image-10967\" style=\"width:753px;height:auto\" srcset=\"https:\/\/viajerosactivos.com\/wp-content\/uploads\/2023\/02\/visita-templo-en-chiang-mai.jpg 750w, https:\/\/viajerosactivos.com\/wp-content\/uploads\/2023\/02\/visita-templo-en-chiang-mai-300x200.jpg 300w\" sizes=\"auto, (max-width: 750px) 100vw, 750px\" \/><\/figure>\n<\/div>","protected":false},"excerpt":{"rendered":"<p>\u00bfQui\u00e9n soy? Soy Andrea Rodr\u00edguez, la creadora y escritora de Viajeros Activos. Nac\u00ed en Uruguay donde me crie, luego me mud\u00e9 a Espa\u00f1a, mi &#8230; <\/p>\n<p class=\"read-more-container\"><a title=\"Sobre M\u00ed\" class=\"read-more button\" href=\"https:\/\/viajerosactivos.com\/fr\/sobre-mi\/#more-29800\" aria-label=\"En savoir plus sur Sobre M\u00ed\">En savoir plus<\/a><\/p>","protected":false},"author":1,"featured_media":0,"parent":0,"menu_order":0,"comment_status":"closed","ping_status":"closed","template":"","meta":{"footnotes":""},"class_list":{"0":"post-29800","1":"page","2":"type-page","3":"status-publish","5":"no-featured-image-padding"},"_links":{"self":[{"href":"https:\/\/viajerosactivos.com\/fr\/wp-json\/wp\/v2\/pages\/29800","targetHints":{"allow":["GET"]}}],"collection":[{"href":"https:\/\/viajerosactivos.com\/fr\/wp-json\/wp\/v2\/pages"}],"about":[{"href":"https:\/\/viajerosactivos.com\/fr\/wp-json\/wp\/v2\/types\/page"}],"author":[{"embeddable":true,"href":"https:\/\/viajerosactivos.com\/fr\/wp-json\/wp\/v2\/users\/1"}],"replies":[{"embeddable":true,"href":"https:\/\/viajerosactivos.com\/fr\/wp-json\/wp\/v2\/comments?post=29800"}],"version-history":[{"count":0,"href":"https:\/\/viajerosactivos.com\/fr\/wp-json\/wp\/v2\/pages\/29800\/revisions"}],"wp:attachment":[{"href":"https:\/\/viajerosactivos.com\/fr\/wp-json\/wp\/v2\/media?parent=29800"}],"curies":[{"name":"wp","href":"https:\/\/api.w.org\/{rel}","templated":true}]}}