{"id":29808,"date":"2025-02-16T16:56:14","date_gmt":"2025-02-16T15:56:14","guid":{"rendered":"https:\/\/viajerosactivos.com\/?page_id=29808"},"modified":"2025-02-16T16:56:15","modified_gmt":"2025-02-16T15:56:15","slug":"travaillons-ensemble","status":"publish","type":"page","link":"https:\/\/viajerosactivos.com\/fr\/trabajemos-juntos\/","title":{"rendered":"Travaillons ensemble"},"content":{"rendered":"<p>Chez Active Travelers, je collabore avec des marques et des entreprises du secteur touristique qui souhaitent toucher un public passionn\u00e9 de voyages et d&#039;aventure. Je propose du contenu authentique et de grande qualit\u00e9, bas\u00e9 sur des exp\u00e9riences r\u00e9elles, pour inspirer les voyageurs actifs \u00e0 d\u00e9couvrir le monde. Pour en savoir plus, cliquez ici. <strong><a href=\"https:\/\/viajerosactivos.com\/fr\/sobre-mi\/\">sur moi<\/a><\/strong> et les voyageurs actifs.<\/p>\n\n\n\n<h3 class=\"wp-block-heading\">Services disponibles\u00a0:<\/h3>\n\n\n\n<p>\u2714\ufe0f <strong>Articles sponsoris\u00e9s<\/strong>R\u00e9diger du contenu optimis\u00e9 avec des liens permanents.<br>\u2714\ufe0f <strong>Promotion sur les r\u00e9seaux sociaux<\/strong>Promotion de votre marque via mes comptes Facebook et Pinterest.<br>\u2714\ufe0f <strong>Cr\u00e9ation de contenu<\/strong>Photographies, critiques et r\u00e9cits adapt\u00e9s \u00e0 votre public.<\/p>\n\n\n\n<p>Si vous \u00eates int\u00e9ress\u00e9 par une collaboration, <strong><a href=\"https:\/\/viajerosactivos.com\/fr\/contacter-les-voyageurs-actifs\/\">contactez-moi<\/a> <\/strong>Pour plus d&#039;informations et conna\u00eetre mes tarifs, n&#039;h\u00e9sitez pas \u00e0 me contacter. Je serais ravie de collaborer avec vous\u00a0!<\/p>","protected":false},"excerpt":{"rendered":"<p>En Viajeros Activos, colaboro con marcas y empresas del sector tur\u00edstico que buscan conectar con una audiencia apasionada por los viajes y la aventura. &#8230; <\/p>\n<p class=\"read-more-container\"><a title=\"Travaillons ensemble\" class=\"read-more button\" href=\"https:\/\/viajerosactivos.com\/fr\/trabajemos-juntos\/#more-29808\" aria-label=\"En savoir plus sur Trabajemos Juntos\">En savoir plus<\/a><\/p>","protected":false},"author":1,"featured_media":0,"parent":0,"menu_order":0,"comment_status":"closed","ping_status":"closed","template":"","meta":{"footnotes":""},"class_list":{"0":"post-29808","1":"page","2":"type-page","3":"status-publish","5":"no-featured-image-padding"},"yoast_head":"<!-- This site is optimized with the Yoast SEO plugin v27.3 - https:\/\/yoast.com\/product\/yoast-seo-wordpress\/ -->\n<title>Trabajemos Juntos<\/title>\n<meta name=\"robots\" content=\"index, follow, max-snippet:-1, max-image-preview:large, max-video-preview:-1\" \/>\n<link rel=\"canonical\" href=\"https:\/\/viajerosactivos.com\/fr\/travaillons-ensemble\/\" \/>\n<meta property=\"og:locale\" content=\"fr_FR\" \/>\n<meta property=\"og:type\" content=\"article\" \/>\n<meta property=\"og:title\" content=\"Trabajemos Juntos\" \/>\n<meta property=\"og:description\" content=\"En Viajeros Activos, colaboro con marcas y empresas del sector tur\u00edstico que buscan conectar con una audiencia apasionada por los viajes y la aventura. ... Leer m\u00e1s\" \/>\n<meta property=\"og:url\" content=\"https:\/\/viajerosactivos.com\/fr\/travaillons-ensemble\/\" \/>\n<meta property=\"og:site_name\" content=\"Viajeros Activos\" \/>\n<meta property=\"article:publisher\" content=\"https:\/\/www.facebook.com\/ViajerosActivos1\" \/>\n<meta property=\"article:modified_time\" content=\"2025-02-16T15:56:15+00:00\" \/>\n<meta name=\"twitter:card\" content=\"summary_large_image\" \/>\n<meta name=\"twitter:label1\" content=\"Dur\u00e9e de lecture estim\u00e9e\" \/>\n\t<meta name=\"twitter:data1\" content=\"1 minute\" \/>\n<script type=\"application\/ld+json\" class=\"yoast-schema-graph\">{\"@context\":\"https:\\\/\\\/schema.org\",\"@graph\":[{\"@type\":\"WebPage\",\"@id\":\"https:\\\/\\\/viajerosactivos.com\\\/trabajemos-juntos\\\/\",\"url\":\"https:\\\/\\\/viajerosactivos.com\\\/trabajemos-juntos\\\/\",\"name\":\"Trabajemos Juntos\",\"isPartOf\":{\"@id\":\"https:\\\/\\\/viajerosactivos.com\\\/#website\"},\"datePublished\":\"2025-02-16T15:56:14+00:00\",\"dateModified\":\"2025-02-16T15:56:15+00:00\",\"breadcrumb\":{\"@id\":\"https:\\\/\\\/viajerosactivos.com\\\/trabajemos-juntos\\\/#breadcrumb\"},\"inLanguage\":\"fr-FR\",\"potentialAction\":[{\"@type\":\"ReadAction\",\"target\":[\"https:\\\/\\\/viajerosactivos.com\\\/trabajemos-juntos\\\/\"]}]},{\"@type\":\"BreadcrumbList\",\"@id\":\"https:\\\/\\\/viajerosactivos.com\\\/trabajemos-juntos\\\/#breadcrumb\",\"itemListElement\":[{\"@type\":\"ListItem\",\"position\":1,\"name\":\"Inicio\",\"item\":\"https:\\\/\\\/viajerosactivos.com\\\/\"},{\"@type\":\"ListItem\",\"position\":2,\"name\":\"Trabajemos Juntos\"}]},{\"@type\":\"WebSite\",\"@id\":\"https:\\\/\\\/viajerosactivos.com\\\/#website\",\"url\":\"https:\\\/\\\/viajerosactivos.com\\\/\",\"name\":\"Viajeros Activos\",\"description\":\"Blog de viajes para aventureros\",\"publisher\":{\"@id\":\"https:\\\/\\\/viajerosactivos.com\\\/#organization\"},\"potentialAction\":[{\"@type\":\"SearchAction\",\"target\":{\"@type\":\"EntryPoint\",\"urlTemplate\":\"https:\\\/\\\/viajerosactivos.com\\\/?s={search_term_string}\"},\"query-input\":{\"@type\":\"PropertyValueSpecification\",\"valueRequired\":true,\"valueName\":\"search_term_string\"}}],\"inLanguage\":\"fr-FR\"},{\"@type\":\"Organization\",\"@id\":\"https:\\\/\\\/viajerosactivos.com\\\/#organization\",\"name\":\"Viajeros Activos\",\"url\":\"https:\\\/\\\/viajerosactivos.com\\\/\",\"logo\":{\"@type\":\"ImageObject\",\"inLanguage\":\"fr-FR\",\"@id\":\"https:\\\/\\\/viajerosactivos.com\\\/#\\\/schema\\\/logo\\\/image\\\/\",\"url\":\"https:\\\/\\\/viajerosactivos.com\\\/wp-content\\\/uploads\\\/2022\\\/05\\\/cropped-logo-new-icono.png\",\"contentUrl\":\"https:\\\/\\\/viajerosactivos.com\\\/wp-content\\\/uploads\\\/2022\\\/05\\\/cropped-logo-new-icono.png\",\"width\":512,\"height\":512,\"caption\":\"Viajeros Activos\"},\"image\":{\"@id\":\"https:\\\/\\\/viajerosactivos.com\\\/#\\\/schema\\\/logo\\\/image\\\/\"},\"sameAs\":[\"https:\\\/\\\/www.facebook.com\\\/ViajerosActivos1\",\"https:\\\/\\\/www.pinterest.es\\\/ViajerosActivos\\\/\"]}]}<\/script>\n<!-- \/ Yoast SEO plugin. -->","yoast_head_json":{"title":"Travaillons ensemble","robots":{"index":"index","follow":"follow","max-snippet":"max-snippet:-1","max-image-preview":"max-image-preview:large","max-video-preview":"max-video-preview:-1"},"canonical":"https:\/\/viajerosactivos.com\/fr\/travaillons-ensemble\/","og_locale":"fr_FR","og_type":"article","og_title":"Trabajemos Juntos","og_description":"En Viajeros Activos, colaboro con marcas y empresas del sector tur\u00edstico que buscan conectar con una audiencia apasionada por los viajes y la aventura. ... Leer m\u00e1s","og_url":"https:\/\/viajerosactivos.com\/fr\/travaillons-ensemble\/","og_site_name":"Viajeros Activos","article_publisher":"https:\/\/www.facebook.com\/ViajerosActivos1","article_modified_time":"2025-02-16T15:56:15+00:00","twitter_card":"summary_large_image","twitter_misc":{"Dur\u00e9e de lecture estim\u00e9e":"1 minute"},"schema":{"@context":"https:\/\/schema.org","@graph":[{"@type":"WebPage","@id":"https:\/\/viajerosactivos.com\/trabajemos-juntos\/","url":"https:\/\/viajerosactivos.com\/trabajemos-juntos\/","name":"Travaillons ensemble","isPartOf":{"@id":"https:\/\/viajerosactivos.com\/#website"},"datePublished":"2025-02-16T15:56:14+00:00","dateModified":"2025-02-16T15:56:15+00:00","breadcrumb":{"@id":"https:\/\/viajerosactivos.com\/trabajemos-juntos\/#breadcrumb"},"inLanguage":"fr-FR","potentialAction":[{"@type":"ReadAction","target":["https:\/\/viajerosactivos.com\/trabajemos-juntos\/"]}]},{"@type":"BreadcrumbList","@id":"https:\/\/viajerosactivos.com\/trabajemos-juntos\/#breadcrumb","itemListElement":[{"@type":"ListItem","position":1,"name":"Inicio","item":"https:\/\/viajerosactivos.com\/"},{"@type":"ListItem","position":2,"name":"Trabajemos Juntos"}]},{"@type":"WebSite","@id":"https:\/\/viajerosactivos.com\/#website","url":"https:\/\/viajerosactivos.com\/","name":"Voyageurs actifs","description":"Blog de voyage pour aventuriers","publisher":{"@id":"https:\/\/viajerosactivos.com\/#organization"},"potentialAction":[{"@type":"SearchAction","target":{"@type":"EntryPoint","urlTemplate":"https:\/\/viajerosactivos.com\/?s={search_term_string}"},"query-input":{"@type":"PropertyValueSpecification","valueRequired":true,"valueName":"search_term_string"}}],"inLanguage":"fr-FR"},{"@type":"Organization","@id":"https:\/\/viajerosactivos.com\/#organization","name":"Voyageurs actifs","url":"https:\/\/viajerosactivos.com\/","logo":{"@type":"ImageObject","inLanguage":"fr-FR","@id":"https:\/\/viajerosactivos.com\/#\/schema\/logo\/image\/","url":"https:\/\/viajerosactivos.com\/wp-content\/uploads\/2022\/05\/cropped-logo-new-icono.png","contentUrl":"https:\/\/viajerosactivos.com\/wp-content\/uploads\/2022\/05\/cropped-logo-new-icono.png","width":512,"height":512,"caption":"Viajeros Activos"},"image":{"@id":"https:\/\/viajerosactivos.com\/#\/schema\/logo\/image\/"},"sameAs":["https:\/\/www.facebook.com\/ViajerosActivos1","https:\/\/www.pinterest.es\/ViajerosActivos\/"]}]}},"_links":{"self":[{"href":"https:\/\/viajerosactivos.com\/fr\/wp-json\/wp\/v2\/pages\/29808","targetHints":{"allow":["GET"]}}],"collection":[{"href":"https:\/\/viajerosactivos.com\/fr\/wp-json\/wp\/v2\/pages"}],"about":[{"href":"https:\/\/viajerosactivos.com\/fr\/wp-json\/wp\/v2\/types\/page"}],"author":[{"embeddable":true,"href":"https:\/\/viajerosactivos.com\/fr\/wp-json\/wp\/v2\/users\/1"}],"replies":[{"embeddable":true,"href":"https:\/\/viajerosactivos.com\/fr\/wp-json\/wp\/v2\/comments?post=29808"}],"version-history":[{"count":0,"href":"https:\/\/viajerosactivos.com\/fr\/wp-json\/wp\/v2\/pages\/29808\/revisions"}],"wp:attachment":[{"href":"https:\/\/viajerosactivos.com\/fr\/wp-json\/wp\/v2\/media?parent=29808"}],"curies":[{"name":"wp","href":"https:\/\/api.w.org\/{rel}","templated":true}]}}