{"id":3058,"date":"2020-04-03T10:58:13","date_gmt":"2020-04-03T08:58:13","guid":{"rendered":"https:\/\/viajerosactivos.com\/?page_id=3058"},"modified":"2023-11-09T12:06:40","modified_gmt":"2023-11-09T11:06:40","slug":"colaboraciones","status":"publish","type":"page","link":"https:\/\/viajerosactivos.com\/fr\/colaboraciones\/","title":{"rendered":"Colaboraciones y Entrevistas"},"content":{"rendered":"<p><em>Recopilaci\u00f3n de blogs amigos con los que he colaborado de diferentes formas, entrevistas que me han hecho y las que he hecho yo.<\/em><\/p>\n\n\n\n<div style=\"height:10px\" aria-hidden=\"true\" class=\"wp-block-spacer\"><\/div>\n\n\n\n<h2 class=\"wp-block-heading\">Collaborations<\/h2>\n\n\n\n<h3 class=\"wp-block-heading has-text-align-justify\">Barcelona Navigator<\/h3>\n\n\n\n<p class=\"has-text-align-justify\"><strong><a href=\"https:\/\/barcelonanavigator.com\/\" rel=\"noopener\">Barcelona Navigator<\/a><\/strong> es uno de los m\u00e1s completos blog en ingl\u00e9s sobre la ciudad de Barcelona para descubrir todos los rincones de esta fascinante ciudad.<\/p>\n\n\n\n<p class=\"has-text-align-justify\">Es un blog creado por Dan Blystone qui\u00e9n lleva viviendo en Barcelona desde 2012. <\/p>\n\n\n\n<p>A Dan que lo conozco hace muchos a\u00f1os ha sido de gran inspiraci\u00f3n para crear Viajeros Activos, un buen apoyo en momentos de dudas y tambi\u00e9n me ha ense\u00f1ado muchas cosas sobre el mundo del blogging.<\/p>\n\n\n\n<div style=\"height:10px\" aria-hidden=\"true\" class=\"wp-block-spacer\"><\/div>\n\n\n\n<h3 class=\"wp-block-heading has-text-align-justify\">Adoro mi Cocina<\/h3>\n\n\n\n<p class=\"has-text-align-justify\"><strong><a href=\"https:\/\/adoromicocina.com\/\" rel=\"noopener\">Adoro mi Cocina<\/a><\/strong> se especializa en con trucos de cocina y consejos sobre nutrici\u00f3n para una vida m\u00e1s saludable.<\/p>\n\n\n\n<p class=\"has-text-align-justify\">Aunque la tem\u00e1tica que trabajamos es completamente diferente, hemos trabajado estrechamente para ayudarnos mutuamente a crecer con nuestros respectivos blogs.<\/p>\n\n\n\n<div style=\"height:11px\" aria-hidden=\"true\" class=\"wp-block-spacer\"><\/div>\n\n\n\n<h3 class=\"wp-block-heading\">Globeando<\/h3>\n\n\n\n<p><strong><a href=\"https:\/\/www.youtube.com\/channel\/UCvkx1jXH8RVkGmgsZI2dEEg\" rel=\"noopener\">Globeando<\/a><\/strong> es un canal de viajes en YouTube de Iv\u00e1n, un granadino que muestra sus paseos narrados por el lejano oriente, en especial sobre Taiw\u00e1n donde estuvo viviendo.<\/p>\n\n\n\n<p>A Iv\u00e1n lo conoc\u00ed a trav\u00e9s de Instagram y poco tiempo despu\u00e9s habl\u00e1bamos como si fueramos amigos de toda la vida.<\/p>\n\n\n\n<p>Algo que me encanta es que con gente que hace cosas muy diferentes siempre se puede aprender algo y colaborar.<\/p>\n\n\n\n<figure class=\"wp-block-embed is-type-video is-provider-youtube wp-block-embed-youtube wp-embed-aspect-16-9 wp-has-aspect-ratio\"><div class=\"wp-block-embed__wrapper\">\n<iframe loading=\"lazy\" title=\"Navidad m\u00e1gica en Taipei, Taiwan 2022. Magical Christmas Land Banqiao \ud83c\udf84 \u2744\ufe0f \ud83c\udf81\" width=\"1200\" height=\"675\" src=\"https:\/\/www.youtube.com\/embed\/I-GSpt_gZLI?feature=oembed\" frameborder=\"0\" allow=\"accelerometer; autoplay; clipboard-write; encrypted-media; gyroscope; picture-in-picture; web-share\" allowfullscreen><\/iframe>\n<\/div><\/figure>\n\n\n\n<div style=\"height:10px\" aria-hidden=\"true\" class=\"wp-block-spacer\"><\/div>\n\n\n\n<h3 class=\"wp-block-heading has-text-align-justify\">Blog del D\u00eda (entrevista)<\/h3>\n\n\n\n<p><strong><a href=\"https:\/\/www.blogdeldia.org\/2023\/01\/viajeros-activos\/\" rel=\"noopener\">Blog del D\u00eda<\/a><\/strong> es un blog donde su creadora, Marta entrevista a blogs en castellano, una excelente forma de darlos a conocer.<\/p>\n\n\n\n<div style=\"height:10px\" aria-hidden=\"true\" class=\"wp-block-spacer\"><\/div>\n\n\n<div class=\"wp-block-image\">\n<figure class=\"aligncenter size-large\"><img loading=\"lazy\" decoding=\"async\" width=\"640\" height=\"360\" src=\"https:\/\/viajerosactivos.com\/wp-content\/uploads\/2020\/04\/duy-pham-Cecb0_8Hx-o-unsplash.jpg\" alt=\"blogs amigos viajeros activos\" class=\"wp-image-3060\" srcset=\"https:\/\/viajerosactivos.com\/wp-content\/uploads\/2020\/04\/duy-pham-Cecb0_8Hx-o-unsplash.jpg 640w, https:\/\/viajerosactivos.com\/wp-content\/uploads\/2020\/04\/duy-pham-Cecb0_8Hx-o-unsplash-300x169.jpg 300w\" sizes=\"auto, (max-width: 640px) 100vw, 640px\" \/><\/figure>\n<\/div>\n\n\n<div style=\"height:10px\" aria-hidden=\"true\" class=\"wp-block-spacer\"><\/div>\n\n\n\n<p>Siempre estoy abierta a nuevas colaboraciones, si tienes alguna en mente no dudes en <strong><a href=\"https:\/\/viajerosactivos.com\/fr\/contacter-les-voyageurs-actifs\/\">contactarme<\/a><\/strong>. <\/p>\n\n\n\n<div style=\"height:10px\" aria-hidden=\"true\" class=\"wp-block-spacer\"><\/div>\n\n\n\n<h2 class=\"wp-block-heading\">Entretiens<\/h2>\n\n\n\n<p>Estas son entrevistas que he hecho a blogs de viajes interesantes donde puedes conocerlos en profundidad:<\/p>\n\n\n\n<ul class=\"wp-block-list\">\n<li><strong><a href=\"https:\/\/viajerosactivos.com\/fr\/entrevista-a-vivir-no-es-caro\/\">Vivir no es Caro<\/a><\/strong>: con informaci\u00f3n pr\u00e1ctica para viajar o vivir en caravana, an\u00e9cdotas divertidas y consejos de seguridad.<\/li>\n\n\n\n<li><strong><a href=\"https:\/\/viajerosactivos.com\/fr\/entrevista-a-los-viajes-de-quim-y-elena\/\">Les voyages de Quim et Elena<\/a><\/strong>: este blog est\u00e1 especializado en consejos de como viajar con ni\u00f1os peque\u00f1os donde cuenta sobre sus divertidas aventuras.<\/li>\n<\/ul>\n\n\n\n<div style=\"height:10px\" aria-hidden=\"true\" class=\"wp-block-spacer\"><\/div>","protected":false},"excerpt":{"rendered":"<p>Recopilaci\u00f3n de blogs amigos con los que he colaborado de diferentes formas, entrevistas que me han hecho y las que he hecho yo. Colaboraciones &#8230; <\/p>\n<p class=\"read-more-container\"><a title=\"Colaboraciones y Entrevistas\" class=\"read-more button\" href=\"https:\/\/viajerosactivos.com\/fr\/colaboraciones\/#more-3058\" aria-label=\"En savoir plus sur Colaboraciones y Entrevistas\">En savoir plus<\/a><\/p>","protected":false},"author":1,"featured_media":0,"parent":0,"menu_order":0,"comment_status":"closed","ping_status":"closed","template":"","meta":{"footnotes":""},"class_list":{"0":"post-3058","1":"page","2":"type-page","3":"status-publish","5":"no-featured-image-padding"},"_links":{"self":[{"href":"https:\/\/viajerosactivos.com\/fr\/wp-json\/wp\/v2\/pages\/3058","targetHints":{"allow":["GET"]}}],"collection":[{"href":"https:\/\/viajerosactivos.com\/fr\/wp-json\/wp\/v2\/pages"}],"about":[{"href":"https:\/\/viajerosactivos.com\/fr\/wp-json\/wp\/v2\/types\/page"}],"author":[{"embeddable":true,"href":"https:\/\/viajerosactivos.com\/fr\/wp-json\/wp\/v2\/users\/1"}],"replies":[{"embeddable":true,"href":"https:\/\/viajerosactivos.com\/fr\/wp-json\/wp\/v2\/comments?post=3058"}],"version-history":[{"count":0,"href":"https:\/\/viajerosactivos.com\/fr\/wp-json\/wp\/v2\/pages\/3058\/revisions"}],"wp:attachment":[{"href":"https:\/\/viajerosactivos.com\/fr\/wp-json\/wp\/v2\/media?parent=3058"}],"curies":[{"name":"wp","href":"https:\/\/api.w.org\/{rel}","templated":true}]}}