{"id":34474,"date":"2026-04-17T12:16:02","date_gmt":"2026-04-17T10:16:02","guid":{"rendered":"https:\/\/viajerosactivos.com\/?page_id=34474"},"modified":"2026-04-17T12:16:02","modified_gmt":"2026-04-17T10:16:02","slug":"inicio","status":"publish","type":"page","link":"https:\/\/viajerosactivos.com\/fr\/","title":{"rendered":"Accueil"},"content":{"rendered":"<div class=\"wp-block-cover alignwide has-medium-font-size wp-duotone-unset-1\" style=\"margin-top:0;padding-top:48px;padding-right:48px;padding-bottom:48px;padding-left:48px;min-height:66vh;aspect-ratio:unset;\"><img loading=\"lazy\" decoding=\"async\" width=\"1200\" height=\"800\" class=\"wp-block-cover__image-background wp-image-34655 size-full\" alt=\"mirador-black-rock-phuket\" src=\"https:\/\/viajerosactivos.com\/wp-content\/uploads\/2026\/04\/mirador-black-rock-phuket.webp\" style=\"object-position:50% 60%\" data-object-fit=\"cover\" data-object-position=\"50% 60%\" srcset=\"https:\/\/viajerosactivos.com\/wp-content\/uploads\/2026\/04\/mirador-black-rock-phuket.webp 1200w, https:\/\/viajerosactivos.com\/wp-content\/uploads\/2026\/04\/mirador-black-rock-phuket-300x200.webp 300w, https:\/\/viajerosactivos.com\/wp-content\/uploads\/2026\/04\/mirador-black-rock-phuket-960x640.webp 960w, https:\/\/viajerosactivos.com\/wp-content\/uploads\/2026\/04\/mirador-black-rock-phuket-768x512.webp 768w, https:\/\/viajerosactivos.com\/wp-content\/uploads\/2026\/04\/mirador-black-rock-phuket-18x12.webp 18w\" sizes=\"auto, (max-width: 1200px) 100vw, 1200px\" \/><span aria-hidden=\"true\" class=\"wp-block-cover__background has-background-dim-0 has-background-dim\"><\/span><div class=\"wp-block-cover__inner-container is-layout-flow wp-block-cover-is-layout-flow\">\n<div class=\"wp-block-group\"><div class=\"wp-block-group__inner-container is-layout-constrained wp-block-group-is-layout-constrained\">\n<p class=\"has-text-align-left has-white-color has-text-color\" style=\"font-size:28px\">\u201cVoyager me rappelle toujours que la vie commence l\u00e0 o\u00f9 la routine s\u2019arr\u00eate.\u201d<\/p>\n\n\n\n<h2 class=\"wp-block-heading has-base-3-color has-text-color has-link-color has-medium-font-size wp-elements-be3b949fa300be6f3b564784a539b8be\">Conseils de voyage, guides et itin\u00e9raires pour l\u2019Europe, l\u2019Asie du Sud-Est et le Caucase.\u00a0<\/h2>\n<\/div><\/div>\n<\/div><\/div>\n\n\n\n<div style=\"height:10px\" aria-hidden=\"true\" class=\"wp-block-spacer\"><\/div>\n\n\n\n<p class=\"has-text-align-center has-text-color has-link-color wp-elements-5efe6914de347ee6be577484d4602705\" style=\"color:#464649;font-size:35px;text-transform:uppercase\">\u00b7 Des destinations qui t\u2019attendent \u00b7<\/p>\n\n\n\n<div class=\"wp-block-columns is-layout-flex wp-container-core-columns-is-layout-9d6595d7 wp-block-columns-is-layout-flex\">\n<div class=\"wp-block-column is-layout-flow wp-block-column-is-layout-flow\">\n<div class=\"wp-block-cover\"><img loading=\"lazy\" decoding=\"async\" width=\"750\" height=\"500\" class=\"wp-block-cover__image-background wp-image-13810\" alt=\"wat-chalong-ruta-por-tailandia-julio-o-agosto\" src=\"https:\/\/viajerosactivos.com\/wp-content\/uploads\/2023\/05\/wat-chalong-ruta-por-tailandia-julio-o-agosto.jpg\" style=\"object-position:48% 45%\" data-object-fit=\"cover\" data-object-position=\"48% 45%\" srcset=\"https:\/\/viajerosactivos.com\/wp-content\/uploads\/2023\/05\/wat-chalong-ruta-por-tailandia-julio-o-agosto.jpg 750w, https:\/\/viajerosactivos.com\/wp-content\/uploads\/2023\/05\/wat-chalong-ruta-por-tailandia-julio-o-agosto-300x200.jpg 300w\" sizes=\"auto, (max-width: 750px) 100vw, 750px\" \/><span aria-hidden=\"true\" class=\"wp-block-cover__background has-background-dim-40 has-background-dim\"><\/span><div class=\"wp-block-cover__inner-container is-layout-flow wp-block-cover-is-layout-flow\">\n<p class=\"has-text-align-center has-base-3-color has-text-color has-link-color has-large-font-size wp-elements-f2c480cd7373c765e227aa64e9e044e0\"><a href=\"https:\/\/viajerosactivos.com\/fr\/guia-de-viaje-a-tailandia\/\" type=\"link\" id=\"https:\/\/viajerosactivos.com\/guia-de-viaje-a-tailandia\/\">Tha\u00eflande<\/a><\/p>\n<\/div><\/div>\n<\/div>\n\n\n\n<div class=\"wp-block-column is-layout-flow wp-block-column-is-layout-flow\">\n<div class=\"wp-block-cover\"><img loading=\"lazy\" decoding=\"async\" width=\"900\" height=\"600\" class=\"wp-block-cover__image-background wp-image-28651\" alt=\"rel\u00e8ve de la garde \u00e0 Ath\u00e8nes\" src=\"https:\/\/viajerosactivos.com\/wp-content\/uploads\/2024\/12\/cambio-de-guardia-atenas.webp\" style=\"object-position:45% 46%\" data-object-fit=\"cover\" data-object-position=\"45% 46%\" srcset=\"https:\/\/viajerosactivos.com\/wp-content\/uploads\/2024\/12\/cambio-de-guardia-atenas.webp 900w, https:\/\/viajerosactivos.com\/wp-content\/uploads\/2024\/12\/cambio-de-guardia-atenas-300x200.webp 300w, https:\/\/viajerosactivos.com\/wp-content\/uploads\/2024\/12\/cambio-de-guardia-atenas-768x512.webp 768w, https:\/\/viajerosactivos.com\/wp-content\/uploads\/2024\/12\/cambio-de-guardia-atenas-18x12.webp 18w\" sizes=\"auto, (max-width: 900px) 100vw, 900px\" \/><span aria-hidden=\"true\" class=\"wp-block-cover__background has-background-dim-40 has-background-dim\"><\/span><div class=\"wp-block-cover__inner-container is-layout-flow wp-block-cover-is-layout-flow\">\n<p class=\"has-text-align-center has-base-3-color has-text-color has-link-color has-large-font-size wp-elements-fbd39fa0325a960bb18b89fbf75960b0\"><a href=\"https:\/\/viajerosactivos.com\/fr\/guide-de-voyage-en-grece\/\" type=\"page\" id=\"27797\">Gr\u00e8ce<\/a><\/p>\n<\/div><\/div>\n<\/div>\n\n\n\n<div class=\"wp-block-column is-layout-flow wp-block-column-is-layout-flow\">\n<div class=\"wp-block-cover\"><img loading=\"lazy\" decoding=\"async\" width=\"750\" height=\"567\" class=\"wp-block-cover__image-background wp-image-26737\" alt=\"mosqu\u00e9e-istanbul\" src=\"https:\/\/viajerosactivos.com\/wp-content\/uploads\/2024\/05\/mezquita-estambul.jpg\" style=\"object-position:52% 52%\" data-object-fit=\"cover\" data-object-position=\"52% 52%\" srcset=\"https:\/\/viajerosactivos.com\/wp-content\/uploads\/2024\/05\/mezquita-estambul.jpg 750w, https:\/\/viajerosactivos.com\/wp-content\/uploads\/2024\/05\/mezquita-estambul-300x227.jpg 300w, https:\/\/viajerosactivos.com\/wp-content\/uploads\/2024\/05\/mezquita-estambul-16x12.jpg 16w\" sizes=\"auto, (max-width: 750px) 100vw, 750px\" \/><span aria-hidden=\"true\" class=\"wp-block-cover__background has-background-dim-40 has-background-dim\"><\/span><div class=\"wp-block-cover__inner-container is-layout-flow wp-block-cover-is-layout-flow\">\n<p class=\"has-text-align-center has-base-3-color has-text-color has-link-color has-large-font-size wp-elements-d9eab3a37b5769c3deb98fe8f0536b23\"><a href=\"https:\/\/viajerosactivos.com\/fr\/guia-de-viaje-a-turquia\/\" type=\"page\" id=\"27827\">Turquie<\/a><\/p>\n<\/div><\/div>\n<\/div>\n<\/div>\n\n\n\n<div class=\"wp-block-columns is-layout-flex wp-container-core-columns-is-layout-9d6595d7 wp-block-columns-is-layout-flex\">\n<div class=\"wp-block-column is-layout-flow wp-block-column-is-layout-flow\">\n<div class=\"wp-block-cover\"><img loading=\"lazy\" decoding=\"async\" width=\"512\" height=\"640\" class=\"wp-block-cover__image-background wp-image-22163\" alt=\"campos-arroz-Bali\" src=\"https:\/\/viajerosactivos.com\/wp-content\/uploads\/2023\/11\/campos-arroz-Bali-512x640.jpg\" style=\"object-position:32% 67%\" data-object-fit=\"cover\" data-object-position=\"32% 67%\" srcset=\"https:\/\/viajerosactivos.com\/wp-content\/uploads\/2023\/11\/campos-arroz-Bali-512x640.jpg 512w, https:\/\/viajerosactivos.com\/wp-content\/uploads\/2023\/11\/campos-arroz-Bali-240x300.jpg 240w, https:\/\/viajerosactivos.com\/wp-content\/uploads\/2023\/11\/campos-arroz-Bali.jpg 600w\" sizes=\"auto, (max-width: 512px) 100vw, 512px\" \/><span aria-hidden=\"true\" class=\"wp-block-cover__background has-background-dim-40 has-background-dim\"><\/span><div class=\"wp-block-cover__inner-container is-layout-flow wp-block-cover-is-layout-flow\">\n<p class=\"has-text-align-center has-base-3-color has-text-color has-link-color has-large-font-size wp-elements-aa4c935647b241636600a32f125b1b85\"><a href=\"https:\/\/viajerosactivos.com\/fr\/guia-de-viaje-a-bali\/\" type=\"page\" id=\"21474\">Indon\u00e9sie (Bali)<\/a><\/p>\n<\/div><\/div>\n<\/div>\n\n\n\n<div class=\"wp-block-column is-layout-flow wp-block-column-is-layout-flow\">\n<div class=\"wp-block-cover\"><img loading=\"lazy\" decoding=\"async\" width=\"427\" height=\"640\" class=\"wp-block-cover__image-background wp-image-34660 size-large\" alt=\"farolillos-hoi-an\" src=\"https:\/\/viajerosactivos.com\/wp-content\/uploads\/2026\/04\/farolillos-hoi-an-427x640.webp\" style=\"object-position:48% 53%\" data-object-fit=\"cover\" data-object-position=\"48% 53%\" srcset=\"https:\/\/viajerosactivos.com\/wp-content\/uploads\/2026\/04\/farolillos-hoi-an-427x640.webp 427w, https:\/\/viajerosactivos.com\/wp-content\/uploads\/2026\/04\/farolillos-hoi-an-200x300.webp 200w, https:\/\/viajerosactivos.com\/wp-content\/uploads\/2026\/04\/farolillos-hoi-an-768x1152.webp 768w, https:\/\/viajerosactivos.com\/wp-content\/uploads\/2026\/04\/farolillos-hoi-an-8x12.webp 8w, https:\/\/viajerosactivos.com\/wp-content\/uploads\/2026\/04\/farolillos-hoi-an.webp 800w\" sizes=\"auto, (max-width: 427px) 100vw, 427px\" \/><span aria-hidden=\"true\" class=\"wp-block-cover__background has-background-dim-40 has-background-dim\" style=\"background-color:#895756\"><\/span><div class=\"wp-block-cover__inner-container is-layout-flow wp-block-cover-is-layout-flow\">\n<p class=\"has-text-align-center has-base-3-color has-text-color has-link-color has-large-font-size wp-elements-4957f6e74b1eceb16b9f6a2373815ac8\"><a href=\"https:\/\/viajerosactivos.com\/fr\/guide-de-voyage-au-vietnam\/\" type=\"page\" id=\"21704\">Vietnam<\/a><\/p>\n<\/div><\/div>\n<\/div>\n\n\n\n<div class=\"wp-block-column is-layout-flow wp-block-column-is-layout-flow\">\n<div class=\"wp-block-cover is-light\"><img loading=\"lazy\" decoding=\"async\" width=\"427\" height=\"640\" class=\"wp-block-cover__image-background wp-image-34659 size-large\" alt=\"kazbegi-georgia\" src=\"https:\/\/viajerosactivos.com\/wp-content\/uploads\/2026\/04\/kazbegi-georgia-427x640.webp\" data-object-fit=\"cover\" srcset=\"https:\/\/viajerosactivos.com\/wp-content\/uploads\/2026\/04\/kazbegi-georgia-427x640.webp 427w, https:\/\/viajerosactivos.com\/wp-content\/uploads\/2026\/04\/kazbegi-georgia-200x300.webp 200w, https:\/\/viajerosactivos.com\/wp-content\/uploads\/2026\/04\/kazbegi-georgia-8x12.webp 8w, https:\/\/viajerosactivos.com\/wp-content\/uploads\/2026\/04\/kazbegi-georgia.webp 662w\" sizes=\"auto, (max-width: 427px) 100vw, 427px\" \/><span aria-hidden=\"true\" class=\"wp-block-cover__background has-background-dim-40 has-background-dim\" style=\"background-color:#9ba0aa\"><\/span><div class=\"wp-block-cover__inner-container is-layout-flow wp-block-cover-is-layout-flow\">\n<p class=\"has-text-align-center has-base-3-color has-text-color has-link-color has-large-font-size wp-elements-b4cd33b3df6e5aa7098dad9be4516f56\"><a href=\"https:\/\/viajerosactivos.com\/fr\/guia-de-viaje-a-georgia\/\" type=\"page\" id=\"22236\">G\u00e9orgie<\/a><\/p>\n<\/div><\/div>\n<\/div>\n\n\n\n<div class=\"wp-block-column is-layout-flow wp-block-column-is-layout-flow\">\n<div class=\"wp-block-cover is-light\"><img loading=\"lazy\" decoding=\"async\" width=\"427\" height=\"640\" class=\"wp-block-cover__image-background wp-image-34658 size-large\" alt=\"erevan-complejo-cascade-armenia\" src=\"https:\/\/viajerosactivos.com\/wp-content\/uploads\/2026\/04\/erevan-complejo-cascade-armenia-427x640.webp\" style=\"object-position:56% 49%\" data-object-fit=\"cover\" data-object-position=\"56% 49%\" srcset=\"https:\/\/viajerosactivos.com\/wp-content\/uploads\/2026\/04\/erevan-complejo-cascade-armenia-427x640.webp 427w, https:\/\/viajerosactivos.com\/wp-content\/uploads\/2026\/04\/erevan-complejo-cascade-armenia-200x300.webp 200w, https:\/\/viajerosactivos.com\/wp-content\/uploads\/2026\/04\/erevan-complejo-cascade-armenia-768x1152.webp 768w, https:\/\/viajerosactivos.com\/wp-content\/uploads\/2026\/04\/erevan-complejo-cascade-armenia-8x12.webp 8w, https:\/\/viajerosactivos.com\/wp-content\/uploads\/2026\/04\/erevan-complejo-cascade-armenia.webp 800w\" sizes=\"auto, (max-width: 427px) 100vw, 427px\" \/><span aria-hidden=\"true\" class=\"wp-block-cover__background has-background-dim-40 has-background-dim\" style=\"background-color:#858990\"><\/span><div class=\"wp-block-cover__inner-container is-layout-flow wp-block-cover-is-layout-flow\">\n<p class=\"has-text-align-center has-base-3-color has-text-color has-link-color has-large-font-size wp-elements-b5ddd6cd2351b4a6f41d809443ff6f3f\"><a href=\"https:\/\/viajerosactivos.com\/fr\/guide-de-voyage-en-armenie\/\" type=\"page\" id=\"22191\">Arm\u00e9nie<\/a><\/p>\n<\/div><\/div>\n<\/div>\n<\/div>\n\n\n\n<hr class=\"wp-block-separator has-text-color has-contrast-color has-alpha-channel-opacity has-contrast-background-color has-background is-style-dots\"\/>\n\n\n\n<h2 class=\"wp-block-heading\" style=\"font-size:35px\">Mes derni\u00e8res aventures<\/h2>\n\n\n<style>.kb-posts-id-34474_2bec4b-2d .entry.loop-entry .entry-header .entry-title{font-size:20px;line-height:25px;}.kb-posts-id-34474_2bec4b-2d .kb-post-list-item{display:grid;}@media all and (max-width: 1024px){.kb-posts-id-34474_2bec4b-2d .entry.loop-entry .entry-header .entry-title{font-size:20px;line-height:25px;}}@media all and (max-width: 767px){.kb-posts-id-34474_2bec4b-2d .entry.loop-entry .entry-header .entry-title{font-size:20px;line-height:25px;}}<\/style><ul class=\"wp-block-kadence-posts kb-posts kadence-posts-list kb-posts-id-34474_2bec4b-2d content-wrap grid-cols kb-posts-style-boxed grid-sm-col-2 grid-lg-col-2 item-image-style-above\"><li class=\"kb-post-list-item\">\n\t<article class=\"entry content-bg loop-entry post-34402 post type-post status-publish format-standard has-post-thumbnail hentry category-grecia tag-grecia tag-meteora no-featured-image-padding\">\n\t\t\t\t<a aria-hidden=\"true\" tabindex=\"-1\" role=\"presentation\" class=\"post-thumbnail kadence-thumbnail-ratio-2-3\" href=\"https:\/\/viajerosactivos.com\/fr\/donde-alojarse-en-meteora\/\" aria-label=\"D\u00f3nde alojarse en Meteora: mejores zonas y hoteles\">\n\t\t\t<div class=\"post-thumbnail-inner\">\n\t\t\t\t<img loading=\"lazy\" decoding=\"async\" width=\"768\" height=\"512\" src=\"https:\/\/viajerosactivos.com\/wp-content\/uploads\/2026\/03\/paisaje-meteora-768x512.webp\" class=\"attachment-medium_large size-medium_large wp-post-image\" alt=\"paisaje-meteora\" srcset=\"https:\/\/viajerosactivos.com\/wp-content\/uploads\/2026\/03\/paisaje-meteora-768x512.webp 768w, https:\/\/viajerosactivos.com\/wp-content\/uploads\/2026\/03\/paisaje-meteora-300x200.webp 300w, https:\/\/viajerosactivos.com\/wp-content\/uploads\/2026\/03\/paisaje-meteora-18x12.webp 18w, https:\/\/viajerosactivos.com\/wp-content\/uploads\/2026\/03\/paisaje-meteora.webp 900w\" sizes=\"auto, (max-width: 768px) 100vw, 768px\" \/>\t\t\t<\/div>\n\t\t<\/a><!-- .post-thumbnail -->\n\t\t\t\t<div class=\"entry-content-wrap\">\n\t\t\t<header class=\"entry-header\">\n\t<h5 class=\"entry-title\"><a href=\"https:\/\/viajerosactivos.com\/fr\/donde-alojarse-en-meteora\/\" rel=\"bookmark\">D\u00f3nde alojarse en Meteora: mejores zonas y hoteles<\/a><\/h5><\/header><!-- .entry-header -->\n<footer class=\"entry-footer\">\n\t<\/footer><!-- .entry-footer -->\t\t<\/div>\n\t<\/article>\n<\/li>\n<li class=\"kb-post-list-item\">\n\t<article class=\"entry content-bg loop-entry post-34158 post type-post status-publish format-standard has-post-thumbnail hentry category-georgia tag-que-hacer-en-georgia tag-que-ver-en-tiflis tag-tiflis no-featured-image-padding\">\n\t\t\t\t<a aria-hidden=\"true\" tabindex=\"-1\" role=\"presentation\" class=\"post-thumbnail kadence-thumbnail-ratio-2-3\" href=\"https:\/\/viajerosactivos.com\/fr\/mercados-de-tiflis\/\" aria-label=\"Les meilleurs march\u00e9s de Tbilissi : un guide complet\">\n\t\t\t<div class=\"post-thumbnail-inner\">\n\t\t\t\t<img loading=\"lazy\" decoding=\"async\" width=\"768\" height=\"512\" src=\"https:\/\/viajerosactivos.com\/wp-content\/uploads\/2026\/03\/mercado-isani-tiflis2-768x512.webp\" class=\"attachment-medium_large size-medium_large wp-post-image\" alt=\"mercado-isani-tiflis2\" srcset=\"https:\/\/viajerosactivos.com\/wp-content\/uploads\/2026\/03\/mercado-isani-tiflis2-768x512.webp 768w, https:\/\/viajerosactivos.com\/wp-content\/uploads\/2026\/03\/mercado-isani-tiflis2-300x200.webp 300w, https:\/\/viajerosactivos.com\/wp-content\/uploads\/2026\/03\/mercado-isani-tiflis2-18x12.webp 18w, https:\/\/viajerosactivos.com\/wp-content\/uploads\/2026\/03\/mercado-isani-tiflis2.webp 900w\" sizes=\"auto, (max-width: 768px) 100vw, 768px\" \/>\t\t\t<\/div>\n\t\t<\/a><!-- .post-thumbnail -->\n\t\t\t\t<div class=\"entry-content-wrap\">\n\t\t\t<header class=\"entry-header\">\n\t<h5 class=\"entry-title\"><a href=\"https:\/\/viajerosactivos.com\/fr\/mercados-de-tiflis\/\" rel=\"bookmark\">Les meilleurs march\u00e9s de Tbilissi : un guide complet<\/a><\/h5><\/header><!-- .entry-header -->\n<footer class=\"entry-footer\">\n\t<\/footer><!-- .entry-footer -->\t\t<\/div>\n\t<\/article>\n<\/li>\n<\/ul>\n\n\n<hr class=\"wp-block-separator has-text-color has-contrast-color has-alpha-channel-opacity has-contrast-background-color has-background is-style-dots\"\/>\n\n\n\n<h2 class=\"wp-block-heading\" style=\"font-size:35px\">Sur moi<\/h2>\n\n\n<div class=\"sabox-plus-item\"><div class=\"saboxplugin-wrap\" itemtype=\"http:\/\/schema.org\/Person\" itemscope itemprop=\"author\"><div class=\"saboxplugin-tab\"><div class=\"saboxplugin-gravatar\"><img loading=\"lazy\" decoding=\"async\" src=\"https:\/\/viajerosactivos.com\/wp-content\/uploads\/2022\/09\/andrea-viajeros-activos.jpg\" width=\"100\"  height=\"100\" alt=\"andrea-voyageurs-actifs\" itemprop=\"image\"><\/div><div class=\"saboxplugin-authorname\"><a href=\"https:\/\/viajerosactivos.com\/fr\/author\/admin\/\" class=\"vcard author\" rel=\"author\"><span class=\"fn\">Andrea Rodr\u00edguez<\/span><\/a><\/div><div class=\"saboxplugin-desc\"><div itemprop=\"description\"><p>Bonjour, je suis Andrea, cr\u00e9atrice et auteure de Viajeros Activos (Voyageurs Actifs). J'\u00e9cris sur l'Asie du Sud-Est, le Caucase et l'Europe. Je voyage \u00e0 plein temps, je suis passionn\u00e9e de gastronomie et toujours en qu\u00eate de nouvelles aventures.<\/p>\n<\/div><\/div><div class=\"clearfix\"><\/div><\/div><\/div><\/div>\n\n\n<p><\/p>","protected":false},"excerpt":{"rendered":"<p>\u00b7 Destinos que te esperan \u00b7 Mis \u00faltimas aventuras Sobre m\u00ed<\/p>","protected":false},"author":1,"featured_media":0,"parent":0,"menu_order":0,"comment_status":"closed","ping_status":"closed","template":"","meta":{"footnotes":""},"class_list":{"0":"post-34474","1":"page","2":"type-page","3":"status-publish","5":"no-featured-image-padding"},"_links":{"self":[{"href":"https:\/\/viajerosactivos.com\/fr\/wp-json\/wp\/v2\/pages\/34474","targetHints":{"allow":["GET"]}}],"collection":[{"href":"https:\/\/viajerosactivos.com\/fr\/wp-json\/wp\/v2\/pages"}],"about":[{"href":"https:\/\/viajerosactivos.com\/fr\/wp-json\/wp\/v2\/types\/page"}],"author":[{"embeddable":true,"href":"https:\/\/viajerosactivos.com\/fr\/wp-json\/wp\/v2\/users\/1"}],"replies":[{"embeddable":true,"href":"https:\/\/viajerosactivos.com\/fr\/wp-json\/wp\/v2\/comments?post=34474"}],"version-history":[{"count":46,"href":"https:\/\/viajerosactivos.com\/fr\/wp-json\/wp\/v2\/pages\/34474\/revisions"}],"predecessor-version":[{"id":34670,"href":"https:\/\/viajerosactivos.com\/fr\/wp-json\/wp\/v2\/pages\/34474\/revisions\/34670"}],"wp:attachment":[{"href":"https:\/\/viajerosactivos.com\/fr\/wp-json\/wp\/v2\/media?parent=34474"}],"curies":[{"name":"wp","href":"https:\/\/api.w.org\/{rel}","templated":true}]}}