{"id":4685,"date":"2021-07-07T01:38:18","date_gmt":"2021-07-07T01:38:18","guid":{"rendered":"https:\/\/viajerosactivos.com\/?page_id=4685"},"modified":"2023-11-09T12:06:10","modified_gmt":"2023-11-09T11:06:10","slug":"avis-juridique","status":"publish","type":"page","link":"https:\/\/viajerosactivos.com\/fr\/aviso-legal\/","title":{"rendered":"Avis juridique"},"content":{"rendered":"<h2 class=\"wp-block-heading\">Propri\u00e9t\u00e9 et finalit\u00e9<\/h2>\n\n\n\n<p>Conform\u00e9ment \u00e0 l&#039;article 10 de la loi 34\/2002 du 11 juillet relative aux services de la soci\u00e9t\u00e9 de l&#039;information et au commerce \u00e9lectronique, le propri\u00e9taire du site web <a href=\"https:\/\/viajerosactivos.com\/fr\/\">https:\/\/viajerosactivos.com<\/a>, Active Travelers est un blog de voyage \u00e0 vocation informative.<\/p>\n\n\n\n<h2 class=\"wp-block-heading\">Conditions d&#039;utilisation<\/h2>\n\n\n\n<p>En utilisant ce site web, vous devenez un Utilisateur et acceptez toutes les conditions g\u00e9n\u00e9rales d&#039;utilisation figurant sur ces pages\u00a0:<\/p>\n\n\n\n<ul class=\"wp-block-list\">\n<li><a href=\"https:\/\/viajerosactivos.com\/fr\/avis-juridique\/\">Avis juridique<\/a><\/li>\n\n\n\n<li><a href=\"https:\/\/viajerosactivos.com\/fr\/politica-de-privacidad\/\">politique de confidentialit\u00e9<\/a><\/li>\n\n\n\n<li><a href=\"https:\/\/viajerosactivos.com\/fr\/politica-de-cookies\/\">Politique relative aux cookies<\/a><\/li>\n<\/ul>\n\n\n\n<p>Si vous n&#039;acceptez pas l&#039;int\u00e9gralit\u00e9 de ces conditions g\u00e9n\u00e9rales, vous devez vous abstenir d&#039;utiliser ce site web.<\/p>\n\n\n\n<p>L\u2019acc\u00e8s \u00e0 ce site web n\u2019implique en aucun cas le d\u00e9but d\u2019une relation commerciale avec Active Travelers.<\/p>\n\n\n\n<p>Par le biais de ce site web, le Propri\u00e9taire vous donne acc\u00e8s \u00e0 divers contenus que lui-m\u00eame ou ses collaborateurs ont publi\u00e9s sur Internet, et vous permet de les utiliser.<\/p>\n\n\n\n<p>\u00c0 cet effet, vous acceptez et vous engagez \u00e0 ne pas utiliser le contenu du site Web \u00e0 des fins illicites, interdites par les pr\u00e9sentes mentions l\u00e9gales ou par la l\u00e9gislation en vigueur, pr\u00e9judiciables aux droits et int\u00e9r\u00eats de tiers, ou susceptibles d&#039;endommager, de d\u00e9sactiver, de surcharger, de perturber ou d&#039;emp\u00eacher l&#039;utilisation normale du contenu, du mat\u00e9riel informatique ou des documents, fichiers et de tout type de contenu stock\u00e9 sur tout mat\u00e9riel informatique appartenant \u00e0 Viajeros Activos ou sous contrat avec elle, d&#039;autres utilisateurs ou tout internaute.<\/p>\n\n\n\n<h2 class=\"wp-block-heading\">\u00c2ge l\u00e9gal<\/h2>\n\n\n\n<p>Vous devez \u00eatre \u00e2g\u00e9 d&#039;au moins 18 ans pour utiliser les services propos\u00e9s par Active Travelers, ou avoir atteint l&#039;\u00e2ge de la majorit\u00e9 requis dans votre pays pour vous inscrire ou utiliser le site web. Si vous r\u00e9sidez dans un pays hors de l&#039;Union europ\u00e9enne, vous devez \u00eatre \u00e2g\u00e9 d&#039;au moins 18 ans pour utiliser le site web, ou avoir atteint l&#039;\u00e2ge de la majorit\u00e9 requis dans votre pays pour vous inscrire ou utiliser le site web.<\/p>\n\n\n\n<p>En plus de satisfaire \u00e0 l&#039;\u00e2ge minimum requis pour utiliser le site Web en vertu de la loi applicable, si vous n&#039;avez pas l&#039;\u00e2ge requis pour accepter les conditions dans votre pays, votre parent ou tuteur doit accepter les conditions en votre nom.<\/p>\n\n\n\n<h2 class=\"wp-block-heading\">mesures de s\u00e9curit\u00e9<\/h2>\n\n\n\n<p>Les donn\u00e9es personnelles que vous fournissez au Propri\u00e9taire peuvent \u00eatre stock\u00e9es dans des bases de donn\u00e9es automatis\u00e9es ou non automatis\u00e9es, appartenant exclusivement \u00e0 Viajeros Activos, qui assume toutes les mesures techniques, organisationnelles et de s\u00e9curit\u00e9 garantissant la confidentialit\u00e9, l&#039;int\u00e9grit\u00e9 et la qualit\u00e9 des informations qui y sont contenues, conform\u00e9ment aux dispositions de la r\u00e9glementation en vigueur en mati\u00e8re de protection des donn\u00e9es.<\/p>\n\n\n\n<p>Toutefois, vous devez savoir que les mesures de s\u00e9curit\u00e9 des syst\u00e8mes informatiques sur Internet ne sont pas totalement fiables et que, par cons\u00e9quent, le Propri\u00e9taire ne peut garantir l&#039;absence de virus ou d&#039;autres \u00e9l\u00e9ments susceptibles d&#039;alt\u00e9rer les syst\u00e8mes informatiques de l&#039;Utilisateur (logiciels et mat\u00e9riels) ou ses documents et fichiers \u00e9lectroniques, m\u00eame si le Propri\u00e9taire prend toutes les mesures n\u00e9cessaires et met en \u0153uvre des mesures de s\u00e9curit\u00e9 appropri\u00e9es pour pr\u00e9venir la pr\u00e9sence de ces \u00e9l\u00e9ments nuisibles.<\/p>\n\n\n\n<h2 class=\"wp-block-heading\">Traitement des donn\u00e9es personnelles<\/h2>\n\n\n\n<p>Vous pouvez consulter toutes les informations relatives au traitement des donn\u00e9es personnelles collect\u00e9es par le responsable du traitement sur la page de&nbsp;<a href=\"https:\/\/viajerosactivos.com\/fr\/politica-de-privacidad\/\">politique de confidentialit\u00e9<\/a>.<\/p>\n\n\n\n<h2 class=\"wp-block-heading\">Contenu<\/h2>\n\n\n\n<p>Le propri\u00e9taire a obtenu les informations, le contenu multim\u00e9dia et les documents figurant sur ce site web aupr\u00e8s de sources qu&#039;il juge fiables. Toutefois, bien qu&#039;il ait pris toutes les mesures raisonnables pour s&#039;assurer de l&#039;exactitude des informations, le propri\u00e9taire ne garantit pas leur exactitude, leur exhaustivit\u00e9 ni leur mise \u00e0 jour. Active Travelers d\u00e9cline express\u00e9ment toute responsabilit\u00e9 en cas d&#039;erreurs ou d&#039;omissions dans les informations contenues sur les pages de ce site web.<\/p>\n\n\n\n<p>Il est interdit de transmettre ou d&#039;envoyer par le biais du Site Web tout contenu ill\u00e9gal ou illicite, virus informatique ou messages qui, de mani\u00e8re g\u00e9n\u00e9rale, affectent ou violent les droits du Propri\u00e9taire ou de tiers.<\/p>\n\n\n\n<p>Le contenu de&nbsp;<a href=\"https:\/\/viajerosactivos.com\/fr\/\">https:\/\/viajerosactivos.com<\/a>&nbsp;Ces documents sont fournis \u00e0 titre informatif uniquement et ne doivent en aucun cas \u00eatre utilis\u00e9s ou consid\u00e9r\u00e9s comme une offre de vente, une sollicitation d&#039;offre d&#039;achat ou une recommandation d&#039;effectuer toute autre transaction, sauf indication contraire expresse.<\/p>\n\n\n\n<p>Active Travelers se r\u00e9serve le droit de modifier, suspendre, annuler ou restreindre le contenu de&nbsp;<a href=\"https:\/\/viajerosactivos.com\/fr\/\">https:\/\/viajerosactivos.com<\/a>, les liens ou les informations obtenus par le biais du site web, sans pr\u00e9avis.<\/p>\n\n\n\n<p>Active Travelers d\u00e9cline toute responsabilit\u00e9 pour les dommages pouvant r\u00e9sulter de l&#039;utilisation des informations pr\u00e9sentes sur le site web ou sur les r\u00e9seaux sociaux du propri\u00e9taire.<\/p>\n\n\n\n<h2 class=\"wp-block-heading\">Politique relative aux cookies<\/h2>\n\n\n\n<p>Sur la page&nbsp;<a href=\"https:\/\/viajerosactivos.com\/fr\/politica-de-cookies\/\">Politique relative aux cookies<\/a>&nbsp;Vous pouvez consulter toutes les informations relatives \u00e0 la politique de collecte et de traitement des cookies.<\/p>\n\n\n\n<h2 class=\"wp-block-heading\">Liens vers d&#039;autres sites web<\/h2>\n\n\n\n<p>Le propri\u00e9taire peut vous donner acc\u00e8s \u00e0 des sites web tiers par le biais de liens, dans le seul but de vous informer de l&#039;existence d&#039;autres sources d&#039;information sur Internet o\u00f9 vous pouvez compl\u00e9ter les donn\u00e9es propos\u00e9es sur le site web.<\/p>\n\n\n\n<p>Ces liens vers d&#039;autres sites web ne constituent ni une suggestion ni une recommandation de visiter les sites de destination, qui sont hors du contr\u00f4le du propri\u00e9taire. Par cons\u00e9quent, Viajeros Activos n&#039;est pas responsable du contenu des sites web li\u00e9s ni du r\u00e9sultat obtenu en suivant ces liens.<\/p>\n\n\n\n<p>De m\u00eame, Viajeros Activos n&#039;est pas responsable des liens pr\u00e9sents sur les sites web auxquels il vous donne acc\u00e8s.<\/p>\n\n\n\n<p>L\u2019\u00e9tablissement du lien n\u2019implique en aucun cas l\u2019existence de relations entre Viajeros Activos et le propri\u00e9taire du site o\u00f9 le lien est \u00e9tabli, ni l\u2019acceptation ou l\u2019approbation par le propri\u00e9taire de son contenu ou de ses services.<\/p>\n\n\n\n<p>Si vous acc\u00e9dez \u00e0 un site web externe \u00e0 partir d&#039;un lien que vous trouvez dans&nbsp;<a href=\"https:\/\/viajerosactivos.com\/fr\/\">https:\/\/viajerosactivos.com<\/a>&nbsp;Vous devriez lire la politique de confidentialit\u00e9 de l&#039;autre site web, qui peut \u00eatre diff\u00e9rente de celle de ce site.<\/p>\n\n\n\n<h2 class=\"wp-block-heading\">Liens d&#039;affiliation et publicit\u00e9s sponsoris\u00e9es<\/h2>\n\n\n\n<p>Le site web&nbsp;<a href=\"https:\/\/viajerosactivos.com\/fr\/\">https:\/\/viajerosactivos.com<\/a>&nbsp;Il propose du contenu sponsoris\u00e9, des publicit\u00e9s et\/ou des liens d&#039;affiliation.<\/p>\n\n\n\n<p>Les informations figurant dans ces liens d&#039;affiliation ou publicit\u00e9s ins\u00e9r\u00e9es sont fournies par les annonceurs eux-m\u00eames. Par cons\u00e9quent, Viajeros Activos n&#039;est pas responsable des inexactitudes ou erreurs que pourraient contenir ces publicit\u00e9s et ne garantit en aucun cas l&#039;exp\u00e9rience, l&#039;int\u00e9grit\u00e9 ou la responsabilit\u00e9 des annonceurs ni la qualit\u00e9 de leurs produits et\/ou services.<\/p>\n\n\n\n<h2 class=\"wp-block-heading\">Avis juridique relatif au programme d&#039;affiliation Amazon<\/h2>\n\n\n\n<p>En tant que partenaire Amazon, je r\u00e9alise un b\u00e9n\u00e9fice sur les achats \u00e9ligibles.<\/p>\n\n\n\n<h2 class=\"wp-block-heading\">Propri\u00e9t\u00e9 intellectuelle et industrielle<\/h2>\n\n\n\n<p>Tous droits r\u00e9serv\u00e9s.<\/p>\n\n\n\n<p>Tout acc\u00e8s \u00e0 ce site web est soumis aux conditions suivantes : la reproduction, le stockage permanent et la diffusion du contenu ou toute autre utilisation \u00e0 des fins publiques ou commerciales sont express\u00e9ment interdits sans le consentement \u00e9crit expr\u00e8s pr\u00e9alable de Viajeros Activos.<\/p>\n\n\n\n<h2 class=\"wp-block-heading\">Limitation de responsabilit\u00e9<\/h2>\n\n\n\n<p>Active Travelers d\u00e9cline toute responsabilit\u00e9 en cas d&#039;interruption ou de dysfonctionnement des Services ou du contenu propos\u00e9 en ligne, quelle qu&#039;en soit la cause. De m\u00eame, le Propri\u00e9taire n&#039;est pas responsable des pannes de r\u00e9seau, des pertes d&#039;exploitation qui en r\u00e9sultent, des coupures de courant temporaires, ni de tout autre dommage indirect pouvant \u00eatre caus\u00e9 par des circonstances ind\u00e9pendantes de sa volont\u00e9.<\/p>\n\n\n\n<p>Avant de prendre des d\u00e9cisions et\/ou d&#039;entreprendre des actions sur la base des informations contenues sur le site web, le propri\u00e9taire recommande de v\u00e9rifier et de comparer les informations re\u00e7ues avec d&#039;autres sources.<\/p>\n\n\n\n<h2 class=\"wp-block-heading\">Juridiction<\/h2>\n\n\n\n<p>Le pr\u00e9sent avis juridique est enti\u00e8rement r\u00e9gi par le droit espagnol.<\/p>\n\n\n\n<p>Sauf disposition l\u00e9gale contraire, pour toute question relative \u00e0 l&#039;interpr\u00e9tation, \u00e0 l&#039;application et au respect des pr\u00e9sentes mentions l\u00e9gales, ainsi que pour toute r\u00e9clamation d\u00e9coulant de leur utilisation, les parties conviennent de se soumettre aux tribunaux de la province de Barcelone, renon\u00e7ant express\u00e9ment \u00e0 toute autre juridiction qui pourrait leur \u00eatre comp\u00e9tente.<\/p>\n\n\n\n<h2 class=\"wp-block-heading\">Contact<\/h2>\n\n\n\n<p>Si vous avez des questions concernant ces conditions g\u00e9n\u00e9rales ou si vous souhaitez faire des commentaires sur ce site web, vous pouvez envoyer un <a href=\"https:\/\/viajerosactivos.com\/fr\/contacter-les-voyageurs-actifs\/\">message \u00e9lectronique<\/a> ici.<\/p>","protected":false},"excerpt":{"rendered":"<p>Titularidad y Finalidad En cumplimiento del art\u00edculo 10 de la Ley 34\/2002, de 11 de julio, de Servicios de la Sociedad de la Informaci\u00f3n &#8230; <\/p>\n<p class=\"read-more-container\"><a title=\"Avis juridique\" class=\"read-more button\" href=\"https:\/\/viajerosactivos.com\/fr\/aviso-legal\/#more-4685\" aria-label=\"En savoir plus sur Aviso Legal\">En savoir plus<\/a><\/p>","protected":false},"author":1,"featured_media":0,"parent":0,"menu_order":0,"comment_status":"closed","ping_status":"closed","template":"","meta":{"footnotes":""},"class_list":{"0":"post-4685","1":"page","2":"type-page","3":"status-publish","5":"no-featured-image-padding"},"yoast_head":"<!-- This site is optimized with the Yoast SEO plugin v27.3 - https:\/\/yoast.com\/product\/yoast-seo-wordpress\/ -->\n<title>Aviso Legal<\/title>\n<meta name=\"robots\" content=\"noindex, nofollow\" \/>\n<meta property=\"og:locale\" content=\"fr_FR\" \/>\n<meta property=\"og:type\" content=\"article\" \/>\n<meta property=\"og:title\" content=\"Aviso Legal\" \/>\n<meta property=\"og:description\" content=\"Titularidad y Finalidad En cumplimiento del art\u00edculo 10 de la Ley 34\/2002, de 11 de julio, de Servicios de la Sociedad de la Informaci\u00f3n ... Leer m\u00e1s\" \/>\n<meta property=\"og:url\" content=\"https:\/\/viajerosactivos.com\/fr\/avis-juridique\/\" \/>\n<meta property=\"og:site_name\" content=\"Viajeros Activos\" \/>\n<meta property=\"article:publisher\" content=\"https:\/\/www.facebook.com\/ViajerosActivos1\" \/>\n<meta property=\"article:modified_time\" content=\"2023-11-09T11:06:10+00:00\" \/>\n<meta name=\"twitter:card\" content=\"summary_large_image\" \/>\n<meta name=\"twitter:label1\" content=\"Dur\u00e9e de lecture estim\u00e9e\" \/>\n\t<meta name=\"twitter:data1\" content=\"6 minutes\" \/>\n<script type=\"application\/ld+json\" class=\"yoast-schema-graph\">{\"@context\":\"https:\\\/\\\/schema.org\",\"@graph\":[{\"@type\":\"WebPage\",\"@id\":\"https:\\\/\\\/viajerosactivos.com\\\/aviso-legal\\\/\",\"url\":\"https:\\\/\\\/viajerosactivos.com\\\/aviso-legal\\\/\",\"name\":\"Aviso Legal\",\"isPartOf\":{\"@id\":\"https:\\\/\\\/viajerosactivos.com\\\/#website\"},\"datePublished\":\"2021-07-07T01:38:18+00:00\",\"dateModified\":\"2023-11-09T11:06:10+00:00\",\"breadcrumb\":{\"@id\":\"https:\\\/\\\/viajerosactivos.com\\\/aviso-legal\\\/#breadcrumb\"},\"inLanguage\":\"fr-FR\",\"potentialAction\":[{\"@type\":\"ReadAction\",\"target\":[\"https:\\\/\\\/viajerosactivos.com\\\/aviso-legal\\\/\"]}]},{\"@type\":\"BreadcrumbList\",\"@id\":\"https:\\\/\\\/viajerosactivos.com\\\/aviso-legal\\\/#breadcrumb\",\"itemListElement\":[{\"@type\":\"ListItem\",\"position\":1,\"name\":\"Inicio\",\"item\":\"https:\\\/\\\/viajerosactivos.com\\\/\"},{\"@type\":\"ListItem\",\"position\":2,\"name\":\"Aviso Legal\"}]},{\"@type\":\"WebSite\",\"@id\":\"https:\\\/\\\/viajerosactivos.com\\\/#website\",\"url\":\"https:\\\/\\\/viajerosactivos.com\\\/\",\"name\":\"Viajeros Activos\",\"description\":\"Blog de viajes para aventureros\",\"publisher\":{\"@id\":\"https:\\\/\\\/viajerosactivos.com\\\/#organization\"},\"potentialAction\":[{\"@type\":\"SearchAction\",\"target\":{\"@type\":\"EntryPoint\",\"urlTemplate\":\"https:\\\/\\\/viajerosactivos.com\\\/?s={search_term_string}\"},\"query-input\":{\"@type\":\"PropertyValueSpecification\",\"valueRequired\":true,\"valueName\":\"search_term_string\"}}],\"inLanguage\":\"fr-FR\"},{\"@type\":\"Organization\",\"@id\":\"https:\\\/\\\/viajerosactivos.com\\\/#organization\",\"name\":\"Viajeros Activos\",\"url\":\"https:\\\/\\\/viajerosactivos.com\\\/\",\"logo\":{\"@type\":\"ImageObject\",\"inLanguage\":\"fr-FR\",\"@id\":\"https:\\\/\\\/viajerosactivos.com\\\/#\\\/schema\\\/logo\\\/image\\\/\",\"url\":\"https:\\\/\\\/viajerosactivos.com\\\/wp-content\\\/uploads\\\/2022\\\/05\\\/cropped-logo-new-icono.png\",\"contentUrl\":\"https:\\\/\\\/viajerosactivos.com\\\/wp-content\\\/uploads\\\/2022\\\/05\\\/cropped-logo-new-icono.png\",\"width\":512,\"height\":512,\"caption\":\"Viajeros Activos\"},\"image\":{\"@id\":\"https:\\\/\\\/viajerosactivos.com\\\/#\\\/schema\\\/logo\\\/image\\\/\"},\"sameAs\":[\"https:\\\/\\\/www.facebook.com\\\/ViajerosActivos1\",\"https:\\\/\\\/www.pinterest.es\\\/ViajerosActivos\\\/\"]}]}<\/script>\n<!-- \/ Yoast SEO plugin. -->","yoast_head_json":{"title":"Avis juridique","robots":{"index":"noindex","follow":"nofollow"},"og_locale":"fr_FR","og_type":"article","og_title":"Aviso Legal","og_description":"Titularidad y Finalidad En cumplimiento del art\u00edculo 10 de la Ley 34\/2002, de 11 de julio, de Servicios de la Sociedad de la Informaci\u00f3n ... Leer m\u00e1s","og_url":"https:\/\/viajerosactivos.com\/fr\/avis-juridique\/","og_site_name":"Viajeros Activos","article_publisher":"https:\/\/www.facebook.com\/ViajerosActivos1","article_modified_time":"2023-11-09T11:06:10+00:00","twitter_card":"summary_large_image","twitter_misc":{"Dur\u00e9e de lecture estim\u00e9e":"6 minutes"},"schema":{"@context":"https:\/\/schema.org","@graph":[{"@type":"WebPage","@id":"https:\/\/viajerosactivos.com\/aviso-legal\/","url":"https:\/\/viajerosactivos.com\/aviso-legal\/","name":"Avis juridique","isPartOf":{"@id":"https:\/\/viajerosactivos.com\/#website"},"datePublished":"2021-07-07T01:38:18+00:00","dateModified":"2023-11-09T11:06:10+00:00","breadcrumb":{"@id":"https:\/\/viajerosactivos.com\/aviso-legal\/#breadcrumb"},"inLanguage":"fr-FR","potentialAction":[{"@type":"ReadAction","target":["https:\/\/viajerosactivos.com\/aviso-legal\/"]}]},{"@type":"BreadcrumbList","@id":"https:\/\/viajerosactivos.com\/aviso-legal\/#breadcrumb","itemListElement":[{"@type":"ListItem","position":1,"name":"Inicio","item":"https:\/\/viajerosactivos.com\/"},{"@type":"ListItem","position":2,"name":"Aviso Legal"}]},{"@type":"WebSite","@id":"https:\/\/viajerosactivos.com\/#website","url":"https:\/\/viajerosactivos.com\/","name":"Voyageurs actifs","description":"Blog de voyage pour aventuriers","publisher":{"@id":"https:\/\/viajerosactivos.com\/#organization"},"potentialAction":[{"@type":"SearchAction","target":{"@type":"EntryPoint","urlTemplate":"https:\/\/viajerosactivos.com\/?s={search_term_string}"},"query-input":{"@type":"PropertyValueSpecification","valueRequired":true,"valueName":"search_term_string"}}],"inLanguage":"fr-FR"},{"@type":"Organization","@id":"https:\/\/viajerosactivos.com\/#organization","name":"Voyageurs actifs","url":"https:\/\/viajerosactivos.com\/","logo":{"@type":"ImageObject","inLanguage":"fr-FR","@id":"https:\/\/viajerosactivos.com\/#\/schema\/logo\/image\/","url":"https:\/\/viajerosactivos.com\/wp-content\/uploads\/2022\/05\/cropped-logo-new-icono.png","contentUrl":"https:\/\/viajerosactivos.com\/wp-content\/uploads\/2022\/05\/cropped-logo-new-icono.png","width":512,"height":512,"caption":"Viajeros Activos"},"image":{"@id":"https:\/\/viajerosactivos.com\/#\/schema\/logo\/image\/"},"sameAs":["https:\/\/www.facebook.com\/ViajerosActivos1","https:\/\/www.pinterest.es\/ViajerosActivos\/"]}]}},"_links":{"self":[{"href":"https:\/\/viajerosactivos.com\/fr\/wp-json\/wp\/v2\/pages\/4685","targetHints":{"allow":["GET"]}}],"collection":[{"href":"https:\/\/viajerosactivos.com\/fr\/wp-json\/wp\/v2\/pages"}],"about":[{"href":"https:\/\/viajerosactivos.com\/fr\/wp-json\/wp\/v2\/types\/page"}],"author":[{"embeddable":true,"href":"https:\/\/viajerosactivos.com\/fr\/wp-json\/wp\/v2\/users\/1"}],"replies":[{"embeddable":true,"href":"https:\/\/viajerosactivos.com\/fr\/wp-json\/wp\/v2\/comments?post=4685"}],"version-history":[{"count":0,"href":"https:\/\/viajerosactivos.com\/fr\/wp-json\/wp\/v2\/pages\/4685\/revisions"}],"wp:attachment":[{"href":"https:\/\/viajerosactivos.com\/fr\/wp-json\/wp\/v2\/media?parent=4685"}],"curies":[{"name":"wp","href":"https:\/\/api.w.org\/{rel}","templated":true}]}}